{"id":60,"date":"2022-02-22T16:23:51","date_gmt":"2022-02-22T15:23:51","guid":{"rendered":"http:\/\/harasderwydd.com\/?page_id=60"},"modified":"2023-01-05T19:38:04","modified_gmt":"2023-01-05T18:38:04","slug":"eco-haras","status":"publish","type":"page","link":"https:\/\/harasderwydd.com\/","title":{"rendered":"Bienvenue au Haras DERWYDD !"},"content":{"rendered":"\n<div class=\"wp-block-columns is-layout-flex wp-container-core-columns-is-layout-9d6595d7 wp-block-columns-is-layout-flex\">\n<div class=\"wp-block-column is-layout-flow wp-block-column-is-layout-flow\" style=\"flex-basis:300px\"><div class=\"wp-block-image is-style-rounded\">\n<figure class=\"aligncenter size-medium\"><img loading=\"lazy\" decoding=\"async\" width=\"300\" height=\"298\" src=\"http:\/\/harasderwydd.com\/wp-content\/uploads\/2022\/04\/IMG_1734-300x298.jpg\" alt=\"\" class=\"wp-image-540\" srcset=\"https:\/\/harasderwydd.com\/wp-content\/uploads\/2022\/04\/IMG_1734-300x298.jpg 300w, https:\/\/harasderwydd.com\/wp-content\/uploads\/2022\/04\/IMG_1734-1024x1018.jpg 1024w, https:\/\/harasderwydd.com\/wp-content\/uploads\/2022\/04\/IMG_1734-150x150.jpg 150w, https:\/\/harasderwydd.com\/wp-content\/uploads\/2022\/04\/IMG_1734-768x764.jpg 768w, https:\/\/harasderwydd.com\/wp-content\/uploads\/2022\/04\/IMG_1734.jpg 1302w\" sizes=\"auto, (max-width: 300px) 100vw, 300px\" \/><\/figure>\n<\/div><\/div>\n\n\n\n<div class=\"wp-block-column is-layout-flow wp-block-column-is-layout-flow\" style=\"flex-basis:100%\">\n<p class=\"has-text-color\" style=\"color:#82bb25;font-size:17px\"><strong>Je m&rsquo;appelle Ingrid, j&rsquo;ai cr\u00e9\u00e9 le Haras Derwydd, sp\u00e9cialis\u00e9 sur le mental du cheval, du cavalier et du couple :<\/strong><\/p>\n\n\n\n<ul class=\"wp-block-list\">\n<li>Nous produisons des chevaux s\u00e9lectionn\u00e9s pour l&rsquo;excellence de leur mental et leur aptitude \u00e0 l&rsquo;obstacle<\/li>\n\n\n\n<li>Nous \u00e9duquons et conditionnons le mental des poulains et jeunes chevaux tout en les pr\u00e9parant au sport<\/li>\n\n\n\n<li>Notre \u00e9curie propose un mode de Vie pour les chevaux au plus proche de leurs besoins fondamentaux, favorisant leur bien-\u00eatre et leur disponibilit\u00e9 physique et mental<\/li>\n\n\n\n<li>Nous accompagnons le mental du cavalier, qui, mal g\u00e9r\u00e9 peut le bloquer, le frustrer et l&#8217;emp\u00eacher d&rsquo;atteindre ses objectifs avec son cheval&nbsp;<\/li>\n\n\n\n<li>Nous entra\u00eenons le mental du couple \u00e0 former un duo bas\u00e9 sur la confiance, le respect, la sensibilit\u00e9 dans les \u00e9changes mais \u00e9galement la d\u00e9termination et l&rsquo;envie de bien faire<\/li>\n<\/ul>\n\n\n\n<p style=\"font-size:17px\">Nos \u00e9curies sont ouvertes aux cavaliers qui souhaitent trouver un poulain ou jeune cheval avec un excellent mental et r\u00e9pondant \u00e0 leurs objectifs sportifs.<\/p>\n\n\n\n<p style=\"font-size:17px\">Nous accueillons \u00e9galement les couples qui souhaitent progresser et d\u00e9passer leurs limites actuelles !<\/p>\n\n\n\n<p style=\"font-size:17px\">Au-del\u00e0 de cela, j&rsquo;ai \u00e0 coeur que chaque couple trouve un espace de bien-\u00eatre et de progr\u00e8s dans leur relation. Car on est bien d&rsquo;accord qu&rsquo;un mental clair, d\u00e9termin\u00e9 et serein augmente la performance et le bien-\u00eatre du sportif, cheval comme cavalier !<\/p>\n\n\n\n<p><a href=\"http:\/\/harasderwydd.com\/index.php\/ingrid\/\" data-type=\"page\" data-id=\"564\">Voici mon parcours en quelques lignes &#8230;. Lire en entier<\/a><\/p>\n<\/div>\n<\/div>\n\n\n\n<div class=\"wp-block-columns is-layout-flex wp-container-core-columns-is-layout-9d6595d7 wp-block-columns-is-layout-flex\">\n<div class=\"wp-block-column is-layout-flow wp-block-column-is-layout-flow\" style=\"flex-basis:100%\">\n<p class=\"has-text-color has-medium-font-size\" style=\"color:#82bb25\"><strong>Coaching et Stages<\/strong><\/p>\n\n\n\n<p style=\"font-size:17px\">J&rsquo;accueille dans nos \u00e9curies (Haras DerwydD), lors de coaching et stages, les cavaliers(\u00e8res) souhaitant travailler sp\u00e9cifiquement sur le couple qu\u2019ils forment avec leur cheval : Manque de performances, stress \u00e0 cheval, blocage dans la progression,  traumatismes&#8230; sont autant de probl\u00e8mes que nous vous aidons \u00e0 r\u00e9gler pour votre plus grand plaisir ! et celui  de votre partenaire !<\/p>\n\n\n\n<p style=\"font-size:17px\">Chacun son objectif, Comp\u00e9tition, Championnat, Balade, Dressage, CSO, quel que soit votre objectif, du d\u00e9butant jusqu\u2019au plus haut niveau, le c\u0153ur de notre discipline \u00e9questre se situe dans l\u2019espace cr\u00e9\u00e9 avec son cheval, <strong>la relation<\/strong>&nbsp;!<\/p>\n\n\n\n<div class=\"wp-block-buttons is-layout-flex wp-block-buttons-is-layout-flex\">\n<div class=\"wp-block-button is-style-fill\"><a class=\"wp-block-button__link has-background wp-element-button\" href=\"http:\/\/harasderwydd.com\/index.php\/stage\/\" style=\"background-color:#82bb25\">Je souhaite progresser avec mon cheval tout en d\u00e9veloppant notre complicit\u00e9<\/a><\/div>\n<\/div>\n<\/div>\n\n\n\n<div class=\"wp-block-column is-layout-flow wp-block-column-is-layout-flow\" style=\"flex-basis:300px\"><div class=\"wp-block-image is-style-rounded\">\n<figure class=\"aligncenter size-full\"><img loading=\"lazy\" decoding=\"async\" width=\"222\" height=\"218\" src=\"http:\/\/harasderwydd.com\/wp-content\/uploads\/2022\/04\/IMG_20220211_152805-1.jpeg\" alt=\"\" class=\"wp-image-610\"\/><\/figure>\n<\/div><\/div>\n<\/div>\n\n\n\n<div style=\"height:20px\" aria-hidden=\"true\" class=\"wp-block-spacer\"><\/div>\n\n\n\n<div class=\"wp-block-columns is-layout-flex wp-container-core-columns-is-layout-9d6595d7 wp-block-columns-is-layout-flex\">\n<div class=\"wp-block-column is-layout-flow wp-block-column-is-layout-flow\" style=\"flex-basis:300px\"><div class=\"wp-block-image is-style-rounded\">\n<figure class=\"aligncenter size-full\"><img loading=\"lazy\" decoding=\"async\" width=\"726\" height=\"661\" src=\"http:\/\/harasderwydd.com\/wp-content\/uploads\/2022\/04\/fontainebleau-1.jpeg\" alt=\"\" class=\"wp-image-606\" srcset=\"https:\/\/harasderwydd.com\/wp-content\/uploads\/2022\/04\/fontainebleau-1.jpeg 726w, https:\/\/harasderwydd.com\/wp-content\/uploads\/2022\/04\/fontainebleau-1-300x273.jpeg 300w\" sizes=\"auto, (max-width: 726px) 100vw, 726px\" \/><\/figure>\n<\/div><\/div>\n\n\n\n<div class=\"wp-block-column is-layout-flow wp-block-column-is-layout-flow\" style=\"flex-basis:100%\">\n<p class=\"has-text-color has-medium-font-size\" style=\"color:#82bb25\"><strong>Elevage de chevaux de sport<\/strong><\/p>\n\n\n\n<p style=\"font-size:17px\">Nos \u00e9curies abritent les chevaux de l\u2019\u00e9levage DERWYDD<\/p>\n\n\n\n<p style=\"font-size:17px\">Nous faisons na\u00eetre et progresser les chevaux de l&rsquo;\u00e9levage afin qu\u2019ils expriment le meilleur d\u2019eux-m\u00eames dans l\u2019interaction avec leur (futur) cavalier&nbsp;!&nbsp;<\/p>\n\n\n\n<p style=\"font-size:17px\">Notre objectif est de produire des chevaux au mental d\u2019exception, de v\u00e9ritables \u00e9quipiers investis dans le travail avec leur cavalier et donnant le meilleur d\u2019eux-m\u00eames. C\u2019est \u00e0 ce moment-l\u00e0 que le v\u00e9ritable potentiel se r\u00e9v\u00e8le&nbsp;!<\/p>\n\n\n\n<div class=\"wp-block-buttons is-layout-flex wp-block-buttons-is-layout-flex\">\n<div class=\"wp-block-button is-style-fill\"><a class=\"wp-block-button__link has-background wp-element-button\" href=\"http:\/\/harasderwydd.com\/index.php\/elevage\/\" style=\"background-color:#82bb25\">Trouver mon co-\u00e9quipier !<\/a><\/div>\n<\/div>\n<\/div>\n<\/div>\n\n\n\n<div class=\"wp-block-columns is-layout-flex wp-container-core-columns-is-layout-9d6595d7 wp-block-columns-is-layout-flex\">\n<div class=\"wp-block-column is-layout-flow wp-block-column-is-layout-flow\" style=\"flex-basis:100%\">\n<p class=\"has-text-color has-medium-font-size\" style=\"color:#82bb25\"><strong>Une \u00e9curie tourn\u00e9e vers la nature et le bien-\u00eatre <\/strong><\/p>\n\n\n\n<p style=\"font-size:17px\">Nous travaillons dans un espace serein au milieu de la nature !<\/p>\n\n\n\n<p style=\"font-size:17px\">Boxes ouverts sur paddocks en permanence, foin \u00e0 volont\u00e9, vie en groupe ! Un syst\u00e8me qui permet de respecter les besoins fondamentaux des chevaux.<\/p>\n\n\n\n<p style=\"font-size:17px\">Nous mettons en oeuvre tous les \u00e9l\u00e9ments favorisant un excellent mental (conditions de Vie, Education,  Mode de travail)<\/p>\n\n\n\n<p style=\"font-size:17px\">Nous veillons \u00e0 rendre l&rsquo;\u00e9curie la plus autonome possible et limiter notre empreinte carbone (recyclage sur place, eau, fournisseurs de proximit\u00e9, &#8230;)<\/p>\n\n\n\n<div class=\"wp-block-buttons is-layout-flex wp-block-buttons-is-layout-flex\">\n<div class=\"wp-block-button is-style-fill\"><a class=\"wp-block-button__link has-background wp-element-button\" href=\"http:\/\/harasderwydd.com\/index.php\/eco-haras-2\/\" style=\"background-color:#82bb25\">D\u00e9couvrir notre \u00e9curie<\/a><\/div>\n<\/div>\n<\/div>\n\n\n\n<div class=\"wp-block-column is-layout-flow wp-block-column-is-layout-flow\" style=\"flex-basis:300px\"><div class=\"wp-block-image is-style-rounded\">\n<figure class=\"aligncenter size-large\"><img loading=\"lazy\" decoding=\"async\" width=\"1024\" height=\"927\" src=\"http:\/\/harasderwydd.com\/wp-content\/uploads\/2022\/04\/IMG_0195-1024x927.jpeg\" alt=\"\" class=\"wp-image-618\" srcset=\"https:\/\/harasderwydd.com\/wp-content\/uploads\/2022\/04\/IMG_0195-1024x927.jpeg 1024w, https:\/\/harasderwydd.com\/wp-content\/uploads\/2022\/04\/IMG_0195-300x272.jpeg 300w, https:\/\/harasderwydd.com\/wp-content\/uploads\/2022\/04\/IMG_0195-768x695.jpeg 768w, https:\/\/harasderwydd.com\/wp-content\/uploads\/2022\/04\/IMG_0195-1536x1391.jpeg 1536w, https:\/\/harasderwydd.com\/wp-content\/uploads\/2022\/04\/IMG_0195-2048x1854.jpeg 2048w\" sizes=\"auto, (max-width: 1024px) 100vw, 1024px\" \/><\/figure>\n<\/div><\/div>\n<\/div>\n","protected":false},"excerpt":{"rendered":"<p>Je m&rsquo;appelle Ingrid, j&rsquo;ai cr\u00e9\u00e9 le Haras Derwydd, sp\u00e9cialis\u00e9 sur le mental du cheval, du cavalier et du couple : Nos \u00e9curies sont ouvertes aux cavaliers qui souhaitent trouver un poulain ou jeune cheval avec un excellent mental et r\u00e9pondant<\/p>\n","protected":false},"author":1,"featured_media":132,"parent":0,"menu_order":0,"comment_status":"closed","ping_status":"closed","template":"","meta":{"footnotes":""},"class_list":["post-60","page","type-page","status-publish","has-post-thumbnail","hentry"],"_links":{"self":[{"href":"https:\/\/harasderwydd.com\/index.php\/wp-json\/wp\/v2\/pages\/60","targetHints":{"allow":["GET"]}}],"collection":[{"href":"https:\/\/harasderwydd.com\/index.php\/wp-json\/wp\/v2\/pages"}],"about":[{"href":"https:\/\/harasderwydd.com\/index.php\/wp-json\/wp\/v2\/types\/page"}],"author":[{"embeddable":true,"href":"https:\/\/harasderwydd.com\/index.php\/wp-json\/wp\/v2\/users\/1"}],"replies":[{"embeddable":true,"href":"https:\/\/harasderwydd.com\/index.php\/wp-json\/wp\/v2\/comments?post=60"}],"version-history":[{"count":90,"href":"https:\/\/harasderwydd.com\/index.php\/wp-json\/wp\/v2\/pages\/60\/revisions"}],"predecessor-version":[{"id":980,"href":"https:\/\/harasderwydd.com\/index.php\/wp-json\/wp\/v2\/pages\/60\/revisions\/980"}],"wp:featuredmedia":[{"embeddable":true,"href":"https:\/\/harasderwydd.com\/index.php\/wp-json\/wp\/v2\/media\/132"}],"wp:attachment":[{"href":"https:\/\/harasderwydd.com\/index.php\/wp-json\/wp\/v2\/media?parent=60"}],"curies":[{"name":"wp","href":"https:\/\/api.w.org\/{rel}","templated":true}]}}