{"id":70,"date":"2022-02-22T16:23:51","date_gmt":"2022-02-22T15:23:51","guid":{"rendered":"http:\/\/harasderwydd.com\/?page_id=70"},"modified":"2023-01-27T18:21:20","modified_gmt":"2023-01-27T17:21:20","slug":"elevage","status":"publish","type":"page","link":"https:\/\/harasderwydd.com\/index.php\/elevage\/","title":{"rendered":"Elevage"},"content":{"rendered":"\n<div class=\"wp-block-columns is-layout-flex wp-container-core-columns-is-layout-9d6595d7 wp-block-columns-is-layout-flex\">\n<div class=\"wp-block-column is-layout-flow wp-block-column-is-layout-flow\" style=\"flex-basis:50%\">\n<p class=\"has-text-color\" style=\"color:#82bb25;font-size:17px\"><strong>An\u00e9mone de Cascatelle  cdl (Ogano Sitte x Wellington) &#8211; Poulini\u00e8re<\/strong> &#8211; VENDUE<\/p>\n\n\n\n<p style=\"font-size:17px\">Class\u00e9e jusqu&rsquo;en \u00e9preuves 130, An\u00e9mone est la fille du c\u00e9l\u00e8bre Ogano Sitte.<\/p>\n\n\n\n<p style=\"font-size:17px\">Il a \u00e9t\u00e9 vainqueur du Grand Prix au CSI 4* de Naples, vainqueur du Grand Prix du CSI 2* de Strazeele, vainqueur du CSI 2* de Moorsele, 6\u00e8me des \u00ab Sires of the World \u00bb au CSI 2* d\u2019Hasselt, 6\u00e8me du Grand Prix du CSI 3* de Maubeuge\u2026<\/p>\n\n\n\n<p>Il est 22\u00e8me au JUMPING TOP 100 WBFSH SIRE RANKING en 2021<\/p>\n\n\n\n<p style=\"font-size:17px\">An\u00e9mone est une jument d&rsquo;1m70, pleine de sang, digne fille de son p\u00e8re !<\/p>\n\n\n\n<div class=\"wp-block-buttons is-content-justification-center is-layout-flex wp-container-core-buttons-is-layout-16018d1d wp-block-buttons-is-layout-flex\">\n<div class=\"wp-block-button is-style-fill\"><a class=\"wp-block-button__link has-background\" href=\"www.harasderwydd.com\/contact\" style=\"background-color:#82bb25\">Ce cheval m&rsquo;int\u00e9resse, je  souhaite plus d&rsquo;info <\/a><\/div>\n<\/div>\n<\/div>\n\n\n\n<div class=\"wp-block-column is-layout-flow wp-block-column-is-layout-flow\" style=\"flex-basis:50%\">\n<figure class=\"wp-block-video\"><video height=\"720\" style=\"aspect-ratio: 1280 \/ 720;\" width=\"1280\" autoplay controls src=\"http:\/\/harasderwydd.com\/wp-content\/uploads\/2022\/04\/IMG_4835.mp4\" playsinline><\/video><\/figure>\n<\/div>\n<\/div>\n\n\n\n<div class=\"wp-block-columns is-layout-flex wp-container-core-columns-is-layout-9d6595d7 wp-block-columns-is-layout-flex\">\n<div class=\"wp-block-column is-layout-flow wp-block-column-is-layout-flow\" style=\"flex-basis:50%\">\n<p class=\"has-text-color\" style=\"color:#82bb25;font-size:17px\"><strong>Goldenly de M\u00e9landrie (Type Top du Monteil x Idem de b&rsquo;neville) &#8211; 7 ans<\/strong> &#8211; <strong>ISO 135<\/strong><\/p>\n\n\n\n<p style=\"font-size:17px\">Finaliste \u00e0 Fontainebleau \u00e0 5 ans avec 12 parcours Sans Faute sur 13 parcours sur toute la saison. <\/p>\n\n\n\n<p>Elle a poursuivi sa formation en 6 ans Classique avec Juliette Faligot en 2022 et entame d\u00e9sormais la saison des 7 ans !<\/p>\n\n\n\n<p style=\"font-size:17px\">Goldenly est une jument dot\u00e9e d&rsquo;un tr\u00e8s grand respect et d&rsquo;une d\u00e9termination qu&rsquo;elle met au service de son envie de bien faire. Goldenly rassemble toutes les qualit\u00e9s d&rsquo;un grand cheval de sport ! Son mental, \u00e0 l&rsquo;entrainement comme en comp\u00e9tition, coupl\u00e9 sa g\u00e9n\u00e9tique (son fr\u00e8re ut\u00e9rin ISO 144 en 2021, CSI 145) augure un avenir sportif tr\u00e8s prometteur.<\/p>\n\n\n\n<p>En 2022, elle nous a donn\u00e9 un embryon avec Untouchable, il est l\u2019un des \u00e9talons les mieux indic\u00e9s du KWPN et les produits n\u00e9s depuis son retour en France ont \u00e9t\u00e9 tr\u00e8s remarqu\u00e9s dans les concours de 3 ans pour leur force et la qualit\u00e9 de leur galop.<\/p>\n\n\n\n<div class=\"wp-block-buttons is-content-justification-center is-layout-flex wp-container-core-buttons-is-layout-16018d1d wp-block-buttons-is-layout-flex\">\n<div class=\"wp-block-button is-style-fill\"><a class=\"wp-block-button__link has-background\" href=\"www.harasderwydd.com\/contact\" style=\"background-color:#82bb25\">Ce cheval m&rsquo;int\u00e9resse, je  souhaite plus d&rsquo;info <\/a><\/div>\n<\/div>\n<\/div>\n\n\n\n<div class=\"wp-block-column is-layout-flow wp-block-column-is-layout-flow\" style=\"flex-basis:50%\">\n<figure class=\"wp-block-embed is-type-video is-provider-youtube wp-block-embed-youtube wp-embed-aspect-16-9 wp-has-aspect-ratio\"><div class=\"wp-block-embed__wrapper\">\n<iframe loading=\"lazy\" title=\"Goldenly de Melandrie 5 ans Fontainebleau 2021\" width=\"750\" height=\"422\" src=\"https:\/\/www.youtube.com\/embed\/Iw8nxuvhXmQ?list=PL7vZzuGP0S9O60YGgtKwedWK6q-O5u0yp\" frameborder=\"0\" allow=\"accelerometer; autoplay; clipboard-write; encrypted-media; gyroscope; picture-in-picture; web-share\" allowfullscreen><\/iframe>\n<\/div><\/figure>\n<\/div>\n<\/div>\n\n\n\n<div class=\"wp-block-columns is-layout-flex wp-container-core-columns-is-layout-9d6595d7 wp-block-columns-is-layout-flex\">\n<div class=\"wp-block-column is-layout-flow wp-block-column-is-layout-flow\" style=\"flex-basis:50%\">\n<p class=\"has-text-color\" style=\"color:#82bb25;font-size:17px\"><strong>Adr\u00e9naline d&rsquo;Elifine (Action Breaker x Pr\u00e9sident) &#8211; 6 ans<\/strong><\/p>\n\n\n\n<p style=\"font-size:17px\">Adr\u00e9naline a d\u00e9marr\u00e9 sa formation en 2022.<\/p>\n\n\n\n<p style=\"font-size:17px\">Elle est tr\u00e8s appliqu\u00e9e dans son travail, c&rsquo;est une jument avec du sang et respectueuse !<\/p>\n\n\n\n<p>\u2728Sa m\u00e8re a concouru jusqu\u2019en CSI 140 et sa tante en CSI 145 \u2728<\/p>\n\n\n\n<p>Son p\u00e8re, Action Breaker, participe en 2010 aux&nbsp;<strong>Jeux Equestres Mondiaux&nbsp;<\/strong>\u00e0 Lexington,&nbsp;il est 3\u00e8me du GP CSIO5* d\u2019Aix la Chapelle,&nbsp;<strong>6\u00e8me du GPW CSI5* de Gen\u00e8ve, 6\u00e8me du GP CSI5* de Montecarlo, 7\u00e8me du GPW CSI5* de Stuttgart<\/strong>, 9\u00e8me du GPW CSI5* Lyon, 10\u00e8me du GP CSIO5* Dublin, 11\u00e8me du GP CSI5* Madrid, 12\u00e8me du GP CSI4* Munich, \u2026<\/p>\n\n\n\n<div class=\"wp-block-buttons is-content-justification-center is-layout-flex wp-container-core-buttons-is-layout-16018d1d wp-block-buttons-is-layout-flex\">\n<div class=\"wp-block-button is-style-fill\"><a class=\"wp-block-button__link has-background\" href=\"www.harasderwydd.com\/contact\" style=\"background-color:#82bb25\">Ce cheval m&rsquo;int\u00e9resse, je  souhaite plus d&rsquo;info <\/a><\/div>\n<\/div>\n<\/div>\n\n\n\n<div class=\"wp-block-column is-layout-flow wp-block-column-is-layout-flow\" style=\"flex-basis:50%\">\n<figure class=\"wp-block-image size-large\"><img loading=\"lazy\" decoding=\"async\" width=\"1024\" height=\"681\" src=\"http:\/\/harasderwydd.com\/wp-content\/uploads\/2022\/10\/311822407_453521766765932_1486342228105639538_n-1024x681.jpg\" alt=\"\" class=\"wp-image-908\" srcset=\"https:\/\/harasderwydd.com\/wp-content\/uploads\/2022\/10\/311822407_453521766765932_1486342228105639538_n-1024x681.jpg 1024w, https:\/\/harasderwydd.com\/wp-content\/uploads\/2022\/10\/311822407_453521766765932_1486342228105639538_n-300x200.jpg 300w, https:\/\/harasderwydd.com\/wp-content\/uploads\/2022\/10\/311822407_453521766765932_1486342228105639538_n-768x511.jpg 768w, https:\/\/harasderwydd.com\/wp-content\/uploads\/2022\/10\/311822407_453521766765932_1486342228105639538_n.jpg 1440w\" sizes=\"auto, (max-width: 1024px) 100vw, 1024px\" \/><\/figure>\n<\/div>\n<\/div>\n\n\n\n<div class=\"wp-block-columns is-layout-flex wp-container-core-columns-is-layout-9d6595d7 wp-block-columns-is-layout-flex\">\n<div class=\"wp-block-column is-layout-flow wp-block-column-is-layout-flow\" style=\"flex-basis:50%\">\n<p class=\"has-text-color\" style=\"color:#82bb25;font-size:17px\"><strong>Jinga D&rsquo;erwydd (Urano de Cartigny x Parco) &#8211; 4 ans<\/strong><\/p>\n\n\n\n<p style=\"font-size:17px\">C&rsquo;est une jument exemplaire, toujours calme et pos\u00e9e. Elle a un vrai mental d&rsquo;exception ! Elle a eu en 2022 un magnifique poulain, Mario Derwydd.<\/p>\n\n\n\n<p>Apr\u00e8s un d\u00e9bourrage facile et serein (voir les vid\u00e9os), Jinga pr\u00e9pare actuellement la saison des 4 ans.<\/p>\n\n\n\n<p style=\"font-size:17px\">Son p\u00e8re, Urano de Cartigny, est un \u00e9talon d\u20191m65. Finaliste \u00e0 Fontainebleau de 4 \u00e0 6 ans, il est sacr\u00e9 Champion de France des 5 ans. Il termine \u00e9galement 2\u00e8me du Master des \u00e9talons de 6 ans \u00e0 Saint-L\u00f4. A 7 ans, il est 3\u00e8me du Grand Prix Top 7 d\u2019Auvers, 3\u00e8me et 4\u00e8me des Grands Prix Pro 2 de Saint-L\u00f4, 5\u00e8me du Grand Prix Top 7 de Cabourg et du Grand Prix Top 7 de Deauville. Il est finaliste du Championnat de France et du Championnat du Monde des 7 ans o\u00f9 il se classe 6\u00e8me d\u2019une \u00e9preuve. Depuis 2017, il est notamment vainqueur d\u2019une 1,55m au CSI5* de Saint-Tropez, 2\u00e8me d\u2019une 1,55m au CSI5* de Paris, 3\u00e8me d\u2019une 1,50m au CSIW de Lyon\u2026<\/p>\n\n\n\n<div class=\"wp-block-buttons is-content-justification-center is-layout-flex wp-container-core-buttons-is-layout-16018d1d wp-block-buttons-is-layout-flex\">\n<div class=\"wp-block-button is-style-fill\"><a class=\"wp-block-button__link has-background\" href=\"www.harasderwydd.com\/contact\" style=\"background-color:#82bb25\">Ce cheval m&rsquo;int\u00e9resse, je  souhaite plus d&rsquo;info <\/a><\/div>\n<\/div>\n<\/div>\n\n\n\n<div class=\"wp-block-column is-layout-flow wp-block-column-is-layout-flow\" style=\"flex-basis:50%\">\n<figure class=\"wp-block-embed is-type-video is-provider-youtube wp-block-embed-youtube wp-embed-aspect-16-9 wp-has-aspect-ratio\"><div class=\"wp-block-embed__wrapper\">\n<iframe loading=\"lazy\" title=\"Jinga D&#039;erwydd, 1 an, travail \u00e0 pieds\" width=\"750\" height=\"422\" src=\"https:\/\/www.youtube.com\/embed\/Q8wbaYm9DGs?list=PL7vZzuGP0S9N9zot1IeUXOZki4JTEK_s-\" frameborder=\"0\" allow=\"accelerometer; autoplay; clipboard-write; encrypted-media; gyroscope; picture-in-picture; web-share\" allowfullscreen><\/iframe>\n<\/div><\/figure>\n<\/div>\n<\/div>\n\n\n\n<div class=\"wp-block-columns is-layout-flex wp-container-core-columns-is-layout-9d6595d7 wp-block-columns-is-layout-flex\">\n<div class=\"wp-block-column is-layout-flow wp-block-column-is-layout-flow\" style=\"flex-basis:50%\">\n<p class=\"has-text-color\" style=\"color:#82bb25\"><strong>Karma D&rsquo;erwydd ( Romanov x Parco ) &#8211; 3 ans <\/strong><\/p>\n\n\n\n<p> Karma a beaucoup de respect, un top mental, ainsi qu&rsquo;une bonne articulation dans le saut ! <\/p>\n\n\n\n<p>En vid\u00e9o,  ses 1ers sauts en libert\u00e9 !<\/p>\n\n\n\n<p>Son p\u00e8re, Romanov, est un \u00e9talon alezan d\u20191m66. Avec son cavalier Bertram Allen, il remporte le GP WC de BORDEAUX, arrive 2\u00e8mes du GP CSIO de LA BAULE puis vainqueur du GP GCT de PARIS Eiffel en 2015.<br>Bertram f\u00eate alors ses 20 ans, son cheval ses 18 ans !<\/p>\n\n\n\n<p> <\/p>\n\n\n\n<div class=\"wp-block-buttons is-content-justification-center is-layout-flex wp-container-core-buttons-is-layout-16018d1d wp-block-buttons-is-layout-flex\">\n<div class=\"wp-block-button is-style-fill\"><a class=\"wp-block-button__link has-background\" href=\"www.harasderwydd.com\/contact\" style=\"background-color:#82bb25\">Ce cheval m&rsquo;int\u00e9resse, je  souhaite plus d&rsquo;info <\/a><\/div>\n<\/div>\n<\/div>\n\n\n\n<div class=\"wp-block-column is-layout-flow wp-block-column-is-layout-flow\" style=\"flex-basis:50%\">\n<figure class=\"wp-block-embed is-type-video is-provider-youtube wp-block-embed-youtube wp-embed-aspect-16-9 wp-has-aspect-ratio\"><div class=\"wp-block-embed__wrapper\">\n<iframe loading=\"lazy\" title=\"Karma D&#039;erwydd, 2 ans, sauts en libert\u00e9\" width=\"750\" height=\"422\" src=\"https:\/\/www.youtube.com\/embed\/qrJeZoT9xiw?feature=oembed\" frameborder=\"0\" allow=\"accelerometer; autoplay; clipboard-write; encrypted-media; gyroscope; picture-in-picture; web-share\" allowfullscreen><\/iframe>\n<\/div><\/figure>\n<\/div>\n<\/div>\n\n\n\n<div class=\"wp-block-columns is-layout-flex wp-container-core-columns-is-layout-9d6595d7 wp-block-columns-is-layout-flex\">\n<div class=\"wp-block-column is-layout-flow wp-block-column-is-layout-flow\" style=\"flex-basis:50%\">\n<p class=\"has-text-color\" style=\"color:#82bb25\"><strong>Luna Derwydd ( Cooper van de Heffink x Ogano Sitte ) &#8211; 2 an<\/strong>s<\/p>\n\n\n\n<p>Luna est la fille d&rsquo;An\u00e9mone de Cascatelle et de Cooper, digne de sa m\u00e8re et de son grand p\u00e8re maternel, elle est pleine de sang ! <\/p>\n\n\n\n<p>Son p\u00e8re, Cooper van de Heffink, est un \u00e9talon d&rsquo;1m68, il est actuellement troisi\u00e8me mondial des p\u00e8res de gagnants en CSI de 11ans et moins, devant les reconnus Emerald, Bamako de Muze.<\/p>\n\n\n\n<div class=\"wp-block-buttons is-content-justification-center is-layout-flex wp-container-core-buttons-is-layout-16018d1d wp-block-buttons-is-layout-flex\">\n<div class=\"wp-block-button is-style-fill\"><a class=\"wp-block-button__link has-background\" href=\"www.harasderwydd.com\/contact\" style=\"background-color:#82bb25\">Ce cheval m&rsquo;int\u00e9resse, je  souhaite plus d&rsquo;info <\/a><\/div>\n<\/div>\n<\/div>\n\n\n\n<div class=\"wp-block-column is-layout-flow wp-block-column-is-layout-flow\" style=\"flex-basis:50%\"><div class=\"wp-block-image\">\n<figure class=\"aligncenter size-large is-resized\"><img loading=\"lazy\" decoding=\"async\" src=\"http:\/\/harasderwydd.com\/wp-content\/uploads\/2022\/07\/20220722152005_IMG_4007-scaled-e1658764633341-1024x780.jpg\" alt=\"\" class=\"wp-image-740\" width=\"513\" height=\"391\" srcset=\"https:\/\/harasderwydd.com\/wp-content\/uploads\/2022\/07\/20220722152005_IMG_4007-scaled-e1658764633341-1024x780.jpg 1024w, https:\/\/harasderwydd.com\/wp-content\/uploads\/2022\/07\/20220722152005_IMG_4007-scaled-e1658764633341-300x229.jpg 300w, https:\/\/harasderwydd.com\/wp-content\/uploads\/2022\/07\/20220722152005_IMG_4007-scaled-e1658764633341-768x585.jpg 768w, https:\/\/harasderwydd.com\/wp-content\/uploads\/2022\/07\/20220722152005_IMG_4007-scaled-e1658764633341-1536x1171.jpg 1536w, https:\/\/harasderwydd.com\/wp-content\/uploads\/2022\/07\/20220722152005_IMG_4007-scaled-e1658764633341-2048x1561.jpg 2048w\" sizes=\"auto, (max-width: 513px) 100vw, 513px\" \/><\/figure>\n<\/div><\/div>\n<\/div>\n\n\n\n<div class=\"wp-block-columns is-layout-flex wp-container-core-columns-is-layout-9d6595d7 wp-block-columns-is-layout-flex\">\n<div class=\"wp-block-column is-layout-flow wp-block-column-is-layout-flow\" style=\"flex-basis:50%\">\n<p class=\"has-text-color\" style=\"color:#82bb25\"><strong>Mario Derwydd (Romanov x Urano de Cartigny) &#8211; Foal<\/strong><\/p>\n\n\n\n<p>Il est le fils de Jinga Derwydd et de Romanov, c\u2019est un mod\u00e8le tr\u00e8s sport avec du sang, et surtout un&nbsp;<strong>mental exceptionnel<\/strong>&nbsp;comme sa m\u00e8re.<\/p>\n\n\n\n<p>Son p\u00e8re, Romanov, est un \u00e9talon alezan d\u20191m66. Avec son cavalier Bertram Allen, il remporte le GP WC de BORDEAUX 160, arrive 2\u00e8mes du GP CSIO de LA BAULE 160 puis vainqueur du GP GCT 160 de PARIS Eiffel en 2015.<br>Bertram f\u00eate alors ses 20 ans, son cheval ses 18 ans !<\/p>\n\n\n\n<p>Mario poss\u00e8de les g\u00e8nes de performers en CSO et un mental calme, \u00e0 l\u2019\u00e9coute, attentif et allant avec confiance vers la nouveaut\u00e9 (ex de la b\u00e2che sur la vid\u00e9o).<\/p>\n\n\n\n<p>Chez nous, l\u2019\u00e9ducation des poulains commence tr\u00e8s jeune mais \u00e0 tr\u00e8s petites doses afin que cela soit un moment de plaisir et de connexion avec l\u2019Homme.<\/p>\n\n\n\n<p>Nous croyons beaucoup \u00e0 ce croisement, d\u00e9couvrez \u00e9galement Karma DERWYDD, 2 ans, \u00e9galement par Romanov et fr\u00e8re ut\u00e9rin de Jinga DERWYDD (la maman de Mario)<\/p>\n\n\n\n<div class=\"wp-block-buttons is-content-justification-center is-layout-flex wp-container-core-buttons-is-layout-16018d1d wp-block-buttons-is-layout-flex\">\n<div class=\"wp-block-button is-style-fill\"><a class=\"wp-block-button__link has-background\" href=\"www.harasderwydd.com\/contact\" style=\"background-color:#82bb25\">Ce cheval m&rsquo;int\u00e9resse, je  souhaite plus d&rsquo;info <\/a><\/div>\n<\/div>\n<\/div>\n\n\n\n<div class=\"wp-block-column is-layout-flow wp-block-column-is-layout-flow\" style=\"flex-basis:50%\">\n<figure class=\"wp-block-embed is-type-video is-provider-youtube wp-block-embed-youtube wp-embed-aspect-16-9 wp-has-aspect-ratio\"><div class=\"wp-block-embed__wrapper\">\n<iframe loading=\"lazy\" title=\"Mario Derwydd, Selle Fran\u00e7ais, foal\" width=\"750\" height=\"422\" src=\"https:\/\/www.youtube.com\/embed\/GAfx9DjgIzI?feature=oembed\" frameborder=\"0\" allow=\"accelerometer; autoplay; clipboard-write; encrypted-media; gyroscope; picture-in-picture; web-share\" allowfullscreen><\/iframe>\n<\/div><\/figure>\n<\/div>\n<\/div>\n\n\n\n<div class=\"wp-block-columns is-layout-flex wp-container-core-columns-is-layout-9d6595d7 wp-block-columns-is-layout-flex\">\n<div class=\"wp-block-column is-layout-flow wp-block-column-is-layout-flow\" style=\"flex-basis:50%\">\n<p class=\"has-text-color\" style=\"color:#82bb25;font-size:17px\"><strong>Mylove Derwydd ( Colestus x Ogano Sitte) &#8211; Foal <\/strong><\/p>\n\n\n\n<p>Fils d&rsquo;An\u00e9mone de Cascatelle et de Colestus, c&rsquo;est un mod\u00e8le tr\u00e8s chic, important, plein de sang et avec des allures souples et amples.<\/p>\n\n\n\n<p>Son nom lui vient du c\u0153ur qu&rsquo;il porte sur la t\u00eate  ^^<\/p>\n\n\n\n<p>Son p\u00e8re, Colestus, est un \u00e9talon gris d&rsquo;1m70. A seulement 8 ans, il remporte une \u00e9preuve 160 \u00e0 Paris, il se classe ensuite dans 5 \u00e9preuves 150 de concours 5*. En 2015, il arrive 2e \u00e0 Paris dans une \u00e9preuve 160.<\/p>\n\n\n\n<div class=\"wp-block-buttons is-content-justification-center is-layout-flex wp-container-core-buttons-is-layout-16018d1d wp-block-buttons-is-layout-flex\">\n<div class=\"wp-block-button is-style-fill\"><a class=\"wp-block-button__link has-background\" href=\"www.harasderwydd.com\/contact\" style=\"background-color:#82bb25\">Ce cheval m&rsquo;int\u00e9resse, je  souhaite plus d&rsquo;info <\/a><\/div>\n<\/div>\n<\/div>\n\n\n\n<div class=\"wp-block-column is-layout-flow wp-block-column-is-layout-flow\" style=\"flex-basis:50%\">\n<figure class=\"wp-block-image size-full\"><img loading=\"lazy\" decoding=\"async\" width=\"748\" height=\"656\" src=\"http:\/\/harasderwydd.com\/wp-content\/uploads\/2023\/01\/Mylove2.jpg\" alt=\"\" class=\"wp-image-998\" srcset=\"https:\/\/harasderwydd.com\/wp-content\/uploads\/2023\/01\/Mylove2.jpg 748w, https:\/\/harasderwydd.com\/wp-content\/uploads\/2023\/01\/Mylove2-300x263.jpg 300w\" sizes=\"auto, (max-width: 748px) 100vw, 748px\" \/><\/figure>\n\n\n\n<figure class=\"wp-block-image size-large\"><img loading=\"lazy\" decoding=\"async\" width=\"683\" height=\"1024\" src=\"http:\/\/harasderwydd.com\/wp-content\/uploads\/2023\/01\/IMG_5336-683x1024.jpg\" alt=\"\" class=\"wp-image-1001\" srcset=\"https:\/\/harasderwydd.com\/wp-content\/uploads\/2023\/01\/IMG_5336-683x1024.jpg 683w, https:\/\/harasderwydd.com\/wp-content\/uploads\/2023\/01\/IMG_5336-200x300.jpg 200w, https:\/\/harasderwydd.com\/wp-content\/uploads\/2023\/01\/IMG_5336-768x1152.jpg 768w, https:\/\/harasderwydd.com\/wp-content\/uploads\/2023\/01\/IMG_5336-1024x1536.jpg 1024w, https:\/\/harasderwydd.com\/wp-content\/uploads\/2023\/01\/IMG_5336-1365x2048.jpg 1365w, https:\/\/harasderwydd.com\/wp-content\/uploads\/2023\/01\/IMG_5336-scaled.jpg 1707w\" sizes=\"auto, (max-width: 683px) 100vw, 683px\" \/><\/figure>\n<\/div>\n<\/div>\n","protected":false},"excerpt":{"rendered":"<p>An\u00e9mone de Cascatelle cdl (Ogano Sitte x Wellington) &#8211; Poulini\u00e8re &#8211; VENDUE Class\u00e9e jusqu&rsquo;en \u00e9preuves 130, An\u00e9mone est la fille du c\u00e9l\u00e8bre Ogano Sitte. Il a \u00e9t\u00e9 vainqueur du Grand Prix au CSI 4* de Naples, vainqueur du Grand Prix<\/p>\n","protected":false},"author":1,"featured_media":0,"parent":0,"menu_order":0,"comment_status":"closed","ping_status":"closed","template":"","meta":{"footnotes":""},"class_list":["post-70","page","type-page","status-publish","hentry"],"_links":{"self":[{"href":"https:\/\/harasderwydd.com\/index.php\/wp-json\/wp\/v2\/pages\/70","targetHints":{"allow":["GET"]}}],"collection":[{"href":"https:\/\/harasderwydd.com\/index.php\/wp-json\/wp\/v2\/pages"}],"about":[{"href":"https:\/\/harasderwydd.com\/index.php\/wp-json\/wp\/v2\/types\/page"}],"author":[{"embeddable":true,"href":"https:\/\/harasderwydd.com\/index.php\/wp-json\/wp\/v2\/users\/1"}],"replies":[{"embeddable":true,"href":"https:\/\/harasderwydd.com\/index.php\/wp-json\/wp\/v2\/comments?post=70"}],"version-history":[{"count":38,"href":"https:\/\/harasderwydd.com\/index.php\/wp-json\/wp\/v2\/pages\/70\/revisions"}],"predecessor-version":[{"id":1002,"href":"https:\/\/harasderwydd.com\/index.php\/wp-json\/wp\/v2\/pages\/70\/revisions\/1002"}],"wp:attachment":[{"href":"https:\/\/harasderwydd.com\/index.php\/wp-json\/wp\/v2\/media?parent=70"}],"curies":[{"name":"wp","href":"https:\/\/api.w.org\/{rel}","templated":true}]}}