{"id":896,"date":"2022-10-31T19:40:59","date_gmt":"2022-10-31T18:40:59","guid":{"rendered":"https:\/\/harasderwydd.com\/?page_id=896"},"modified":"2022-11-18T12:23:12","modified_gmt":"2022-11-18T11:23:12","slug":"ressources","status":"publish","type":"page","link":"https:\/\/harasderwydd.com\/index.php\/ressources\/","title":{"rendered":"L&rsquo;ajustement Cr\u00e9ateur"},"content":{"rendered":"\n<div class=\"wp-block-columns is-layout-flex wp-container-core-columns-is-layout-9d6595d7 wp-block-columns-is-layout-flex\">\n<div class=\"wp-block-column is-layout-flow wp-block-column-is-layout-flow\">\n<p>[Mental du couple cavalier-cheval]<\/p>\n\n\n\n<p><img loading=\"lazy\" decoding=\"async\" height=\"16\" width=\"16\" alt=\"\u2728\" src=\"https:\/\/static.xx.fbcdn.net\/images\/emoji.php\/v9\/tf4\/1\/16\/2728.png\">Qu\u2019est-ce que l\u2019ajustement cr\u00e9ateur ?<img loading=\"lazy\" decoding=\"async\" height=\"16\" width=\"16\" alt=\"\u2728\" src=\"https:\/\/static.xx.fbcdn.net\/images\/emoji.php\/v9\/tf4\/1\/16\/2728.png\"><\/p>\n\n\n\n<p>C\u2019est le mouvement qui pousse chacun \u00e0 s\u2019adapter continuellement \u00e0 la nouveaut\u00e9. Il engendre une transformation mutuelle au travers de l\u2019exp\u00e9rience dans la relation, relation entre le cavalier et son cheval.<\/p>\n\n\n\n<p>Cette transformation, cette progression s\u2019appuie \u00e0 la fois sur les bases et connaissances acquises et sur l\u2019exp\u00e9rience nouvelle dans l\u2019instant pr\u00e9sent.<\/p>\n\n\n\n<p><a><\/a>L\u2019exp\u00e9rience de la nouveaut\u00e9 suppose que nous acceptions de t\u00e2tonner, de nous tromper pour arriver \u00e0 la r\u00e9ussite d\u2019un nouveau geste, un nouvel apprentissage qui s\u2019inscrit de part et d\u2019autre, chez le cavalier comme le cheval.<\/p>\n\n\n\n<p>Nous sommes en r\u00e9alit\u00e9 dans un mouvement permanent qui tend \u00e0 nous faire \u00e9voluer.<\/p>\n\n\n\n<p><img loading=\"lazy\" decoding=\"async\" height=\"16\" width=\"16\" alt=\"\u27a1\ufe0f\" src=\"https:\/\/static.xx.fbcdn.net\/images\/emoji.php\/v9\/t9e\/1\/16\/27a1.png\"> Lorsque nous r\u00e9p\u00e9tons des r\u00e9actions disproportionn\u00e9es en lien avec un traumatisme pass\u00e9 ou que l\u2019anxi\u00e9t\u00e9 freine le d\u00e9roulement de cet ajustement cr\u00e9ateur, les 2 acteurs de la relation, cheval comme cavalier sont bloqu\u00e9s dans leur apprentissage. Ce qui g\u00e9n\u00e8re des sentiments de frustration, de blocage et augmente le stress.<\/p>\n\n\n\n<p><img loading=\"lazy\" decoding=\"async\" height=\"16\" width=\"16\" alt=\"\u2753\" src=\"https:\/\/static.xx.fbcdn.net\/images\/emoji.php\/v9\/t4c\/1\/16\/2753.png\">Vous avez l\u2019impression de toujours r\u00e9p\u00e9t\u00e9 les m\u00eames choses sans progresser ? Vous vous sentez bloqu\u00e9 sans savoir comment trouver la solution ?<\/p>\n\n\n\n<div class=\"wp-block-buttons alignwide is-content-justification-center is-layout-flex wp-container-core-buttons-is-layout-16018d1d wp-block-buttons-is-layout-flex\">\n<div class=\"wp-block-button\"><a class=\"wp-block-button__link has-white-background-color has-background wp-element-button\">Prendre contact avec nous !<\/a><\/div>\n\n\n\n<div class=\"wp-block-button\"><a class=\"wp-block-button__link has-black-color has-text-color has-background wp-element-button\" href=\"https:\/\/harasderwydd.com\/index.php\/contactez-nous\/\" style=\"background-color:#82bb25\">Prendre contact avec nous !<\/a><\/div>\n<\/div>\n<\/div>\n\n\n\n<div class=\"wp-block-column is-layout-flow wp-block-column-is-layout-flow\">\n<figure class=\"wp-block-video\"><video height=\"720\" style=\"aspect-ratio: 1280 \/ 720;\" width=\"1280\" controls src=\"http:\/\/harasderwydd.com\/wp-content\/uploads\/2022\/10\/Videoleap-73535FAD-C4E5-4D33-BC24-5EDE0FA42ADB.mov\"><\/video><\/figure>\n<\/div>\n<\/div>\n","protected":false},"excerpt":{"rendered":"<p>[Mental du couple cavalier-cheval] Qu\u2019est-ce que l\u2019ajustement cr\u00e9ateur ? C\u2019est le mouvement qui pousse chacun \u00e0 s\u2019adapter continuellement \u00e0 la nouveaut\u00e9. Il engendre une transformation mutuelle au travers de l\u2019exp\u00e9rience dans la relation, relation entre le cavalier et son cheval.<\/p>\n","protected":false},"author":1,"featured_media":0,"parent":0,"menu_order":0,"comment_status":"closed","ping_status":"closed","template":"","meta":{"footnotes":""},"class_list":["post-896","page","type-page","status-publish","hentry"],"_links":{"self":[{"href":"https:\/\/harasderwydd.com\/index.php\/wp-json\/wp\/v2\/pages\/896","targetHints":{"allow":["GET"]}}],"collection":[{"href":"https:\/\/harasderwydd.com\/index.php\/wp-json\/wp\/v2\/pages"}],"about":[{"href":"https:\/\/harasderwydd.com\/index.php\/wp-json\/wp\/v2\/types\/page"}],"author":[{"embeddable":true,"href":"https:\/\/harasderwydd.com\/index.php\/wp-json\/wp\/v2\/users\/1"}],"replies":[{"embeddable":true,"href":"https:\/\/harasderwydd.com\/index.php\/wp-json\/wp\/v2\/comments?post=896"}],"version-history":[{"count":5,"href":"https:\/\/harasderwydd.com\/index.php\/wp-json\/wp\/v2\/pages\/896\/revisions"}],"predecessor-version":[{"id":927,"href":"https:\/\/harasderwydd.com\/index.php\/wp-json\/wp\/v2\/pages\/896\/revisions\/927"}],"wp:attachment":[{"href":"https:\/\/harasderwydd.com\/index.php\/wp-json\/wp\/v2\/media?parent=896"}],"curies":[{"name":"wp","href":"https:\/\/api.w.org\/{rel}","templated":true}]}}