{"id":910,"date":"2022-10-31T20:13:01","date_gmt":"2022-10-31T19:13:01","guid":{"rendered":"https:\/\/harasderwydd.com\/?page_id=910"},"modified":"2022-11-18T12:23:52","modified_gmt":"2022-11-18T11:23:52","slug":"le-cheval-un-guide-vers-soi","status":"publish","type":"page","link":"https:\/\/harasderwydd.com\/index.php\/le-cheval-un-guide-vers-soi\/","title":{"rendered":"Le cheval, un guide vers soi"},"content":{"rendered":"\n<div class=\"wp-block-columns is-layout-flex wp-container-core-columns-is-layout-9d6595d7 wp-block-columns-is-layout-flex\">\n<div class=\"wp-block-column is-layout-flow wp-block-column-is-layout-flow\">\n<p>[Mental du cavalier]<\/p>\n\n\n\n<p id=\"block-d19af6da-1be4-4df0-8b84-38c615040fea\"><img loading=\"lazy\" decoding=\"async\" height=\"16\" width=\"16\" src=\"https:\/\/static.xx.fbcdn.net\/images\/emoji.php\/v9\/tf4\/1\/16\/2728.png\" alt=\"\u2728\"> Le cheval, Excellent guide dans la connaissance de soi ! m\u00eame quand on n&rsquo;en a pas envie <img loading=\"lazy\" decoding=\"async\" height=\"16\" width=\"16\" src=\"https:\/\/static.xx.fbcdn.net\/images\/emoji.php\/v9\/tcd\/1\/16\/1f643.png\" alt=\"\ud83d\ude43\"><\/p>\n\n\n\n<p id=\"block-0861bd33-80ae-457a-b159-1d4238728b9b\">Le cheval a une empathie extr\u00eamement d\u00e9velopp\u00e9e, ce qui lui permet d&rsquo;acc\u00e9der en toute transparence \u00e0 votre \u00e9tat int\u00e9rieur. En fonction de celui-ci, de vos \u00e9motions, peur, d\u00e9termination, manque de confiance &#8230; votre cheval vous r\u00e9v\u00e8le et vous met face \u00e0 vous-m\u00eame.<\/p>\n\n\n\n<p id=\"block-271fdbdc-9aa7-40ef-9e5f-ad3dca6beb4a\">M\u00eame si, en choisissant ce cheval, vous n&rsquo;aviez pas l&rsquo;intention de faire du d\u00e9veloppement personnel, votre cheval ne vous en laisse parfois pas le choix !<\/p>\n\n\n\n<p id=\"block-69c9be4a-6297-4494-8331-6c35a2a29718\">Vous avez des objectifs sportifs ? mais, cependant, \u00e0 l&rsquo;approche de certains obstacles ou avant de monter ou de passer \u00e0 tel ou tel endroit ou en comp\u00e9tition, la peur, la pression vous \u00e9crase&#8230; votre cheval r\u00e9agit imm\u00e9diatement par la fuite, l&rsquo;arr\u00eat, ou d&rsquo;autres r\u00e9actions qui vous emp\u00eachent d&rsquo;atteindre vos objectifs et de vous faire plaisir ensemble&#8230; s&rsquo;installe alors la frustration.<\/p>\n\n\n\n<p id=\"block-1435b9fd-d074-4b22-a367-b8e73eb4b820\">Remerciez-le ! Gr\u00e2ce \u00e0 lui, vous avez l&rsquo;opportunit\u00e9 de prendre conscience de vous-m\u00eame ! et si vous regardez bien, ce que votre cheval vous r\u00e9v\u00e8le dans la relation avec lui est souvent vrai \u00e9galement dans le reste de votre vie.<\/p>\n\n\n\n<p id=\"block-49f9acce-fb55-4de4-8c08-0ff5110993d5\"><img loading=\"lazy\" decoding=\"async\" height=\"16\" width=\"16\" src=\"https:\/\/static.xx.fbcdn.net\/images\/emoji.php\/v9\/t4c\/1\/16\/2753.png\" alt=\"\u2753\">Vous souhaitez mieux comprendre ce qui se joue dans votre relation et saisir cette opportunit\u00e9 pour grandir personnellement et sportivement ?<\/p>\n\n\n\n<p id=\"block-f52e722a-253b-4366-b497-7f8256c6cbda\">Form\u00e9e en pr\u00e9paration mentale et psychologie du sportif et certifi\u00e9e en Gestalt th\u00e9rapie, je vous accompagne dans la compr\u00e9hension de ce que vous r\u00e9v\u00e8le votre cheval et \u00e0 \u00e9voluer en cons\u00e9quence !<\/p>\n\n\n\n<div class=\"wp-block-buttons alignwide is-content-justification-center is-layout-flex wp-container-core-buttons-is-layout-16018d1d wp-block-buttons-is-layout-flex\">\n<div class=\"wp-block-button\"><a class=\"wp-block-button__link has-white-background-color has-background wp-element-button\">Prendre contact avec nous !<\/a><\/div>\n\n\n\n<div class=\"wp-block-button\"><a class=\"wp-block-button__link has-black-color has-text-color has-background wp-element-button\" href=\"https:\/\/harasderwydd.com\/index.php\/contactez-nous\/\" style=\"background-color:#82bb25\">Prendre contact avec nous !<\/a><\/div>\n<\/div>\n<\/div>\n\n\n\n<div class=\"wp-block-column is-layout-flow wp-block-column-is-layout-flow\">\n<figure class=\"wp-block-image size-large\"><img loading=\"lazy\" decoding=\"async\" width=\"1024\" height=\"681\" src=\"http:\/\/harasderwydd.com\/wp-content\/uploads\/2022\/10\/311822407_453521766765932_1486342228105639538_n-1024x681.jpg\" alt=\"\" class=\"wp-image-908\" srcset=\"https:\/\/harasderwydd.com\/wp-content\/uploads\/2022\/10\/311822407_453521766765932_1486342228105639538_n-1024x681.jpg 1024w, https:\/\/harasderwydd.com\/wp-content\/uploads\/2022\/10\/311822407_453521766765932_1486342228105639538_n-300x200.jpg 300w, https:\/\/harasderwydd.com\/wp-content\/uploads\/2022\/10\/311822407_453521766765932_1486342228105639538_n-768x511.jpg 768w, https:\/\/harasderwydd.com\/wp-content\/uploads\/2022\/10\/311822407_453521766765932_1486342228105639538_n.jpg 1440w\" sizes=\"auto, (max-width: 1024px) 100vw, 1024px\" \/><\/figure>\n<\/div>\n<\/div>\n\n\n\n<p><\/p>\n","protected":false},"excerpt":{"rendered":"<p>[Mental du cavalier] Le cheval, Excellent guide dans la connaissance de soi ! m\u00eame quand on n&rsquo;en a pas envie Le cheval a une empathie extr\u00eamement d\u00e9velopp\u00e9e, ce qui lui permet d&rsquo;acc\u00e9der en toute transparence \u00e0 votre \u00e9tat int\u00e9rieur. En<\/p>\n","protected":false},"author":1,"featured_media":0,"parent":0,"menu_order":0,"comment_status":"closed","ping_status":"closed","template":"","meta":{"footnotes":""},"class_list":["post-910","page","type-page","status-publish","hentry"],"_links":{"self":[{"href":"https:\/\/harasderwydd.com\/index.php\/wp-json\/wp\/v2\/pages\/910","targetHints":{"allow":["GET"]}}],"collection":[{"href":"https:\/\/harasderwydd.com\/index.php\/wp-json\/wp\/v2\/pages"}],"about":[{"href":"https:\/\/harasderwydd.com\/index.php\/wp-json\/wp\/v2\/types\/page"}],"author":[{"embeddable":true,"href":"https:\/\/harasderwydd.com\/index.php\/wp-json\/wp\/v2\/users\/1"}],"replies":[{"embeddable":true,"href":"https:\/\/harasderwydd.com\/index.php\/wp-json\/wp\/v2\/comments?post=910"}],"version-history":[{"count":4,"href":"https:\/\/harasderwydd.com\/index.php\/wp-json\/wp\/v2\/pages\/910\/revisions"}],"predecessor-version":[{"id":928,"href":"https:\/\/harasderwydd.com\/index.php\/wp-json\/wp\/v2\/pages\/910\/revisions\/928"}],"wp:attachment":[{"href":"https:\/\/harasderwydd.com\/index.php\/wp-json\/wp\/v2\/media?parent=910"}],"curies":[{"name":"wp","href":"https:\/\/api.w.org\/{rel}","templated":true}]}}