{"id":918,"date":"2022-11-18T12:03:06","date_gmt":"2022-11-18T11:03:06","guid":{"rendered":"https:\/\/harasderwydd.com\/?page_id=918"},"modified":"2022-11-18T12:20:33","modified_gmt":"2022-11-18T11:20:33","slug":"lempathie-a-la-source-de-votre-potentiel-empathie","status":"publish","type":"page","link":"https:\/\/harasderwydd.com\/index.php\/lempathie-a-la-source-de-votre-potentiel-empathie\/","title":{"rendered":"L\u2019empathie, \u00e0 la source de votre potentiel !"},"content":{"rendered":"\n<div class=\"wp-block-columns is-layout-flex wp-container-core-columns-is-layout-9d6595d7 wp-block-columns-is-layout-flex\">\n<div class=\"wp-block-column is-layout-flow wp-block-column-is-layout-flow\">\n<p>Etes-vous le cavalier qui&nbsp;permet \u00e0 son cheval de r\u00e9v\u00e9ler tout son potentiel au travers de votre travail ensemble ?<\/p>\n\n\n\n<p>Percevez-vous les mouvements, les \u00e9motions, connaissez-vous les forces et les faiblesses de votre cheval ?<\/p>\n\n\n\n<p>Les variations subtiles que captent le cavalier en lui et dans ce qui l&rsquo;entoure lui permet d&rsquo;identifier, de fa\u00e7on implicite,&nbsp; les transferts d&rsquo;affects et ce qui circule entre lui et son cheval.<\/p>\n\n\n\n<p>Pour cela, on ne fait, en r\u00e9alit\u00e9, qu&rsquo;utiliser des fonctions pr\u00e9sentes en chacun de nous ! Les neurones miroirs. Ils permettent de capter des signes qui nous renseignent sur les \u00e9motions et les intentions des autres, ils nous permettent de r\u00e9sonner instantan\u00e9ment \u00e0 ce qui se passe chez l&rsquo;autre&#8230; certains les appellent les neurones empathiques.<\/p>\n\n\n\n<p>L&#8217;empathie se d\u00e9veloppe au fil de la pratique et du tissage relationnel. Le discernement du cavalier permet d&rsquo;apporter les r\u00e9ponses techniques et \u00e9motionnelles appropri\u00e9es&nbsp; aux demandes du cheval.<\/p>\n\n\n\n<p>Ce \u00ab\u00a0cousu main\u00a0\u00bb, cette attention relationnelle, la qualit\u00e9 de pr\u00e9sence et l&rsquo;absence de jugement conduisent \u00e0 construire la base de s\u00e9curit\u00e9 et de confiance n\u00e9cessaire aux progr\u00e8s et au d\u00e9veloppement du potentiel de chacun, cheval comme cavalier.<\/p>\n\n\n\n<p>Vous souhaitez d\u00e9veloppez votre empathie ? Interagir de mani\u00e8re plus appropri\u00e9e avec votre cheval ?<\/p>\n\n\n\n<div class=\"wp-block-buttons alignwide is-content-justification-center is-layout-flex wp-container-core-buttons-is-layout-16018d1d wp-block-buttons-is-layout-flex\">\n<div class=\"wp-block-button\"><a class=\"wp-block-button__link has-white-background-color has-background wp-element-button\">Prendre contact avec nous !<\/a><\/div>\n\n\n\n<div class=\"wp-block-button\"><a class=\"wp-block-button__link has-black-color has-text-color has-background wp-element-button\" href=\"https:\/\/harasderwydd.com\/index.php\/contactez-nous\/\" style=\"background-color:#82bb25\">Prendre contact avec nous !<\/a><\/div>\n<\/div>\n<\/div>\n\n\n\n<div class=\"wp-block-column is-layout-flow wp-block-column-is-layout-flow\">\n<figure class=\"wp-block-image size-large\"><img loading=\"lazy\" decoding=\"async\" width=\"1024\" height=\"1019\" src=\"http:\/\/harasderwydd.com\/wp-content\/uploads\/2022\/11\/IMG_5073-1024x1019.jpeg\" alt=\"\" class=\"wp-image-923\" srcset=\"https:\/\/harasderwydd.com\/wp-content\/uploads\/2022\/11\/IMG_5073-1024x1019.jpeg 1024w, https:\/\/harasderwydd.com\/wp-content\/uploads\/2022\/11\/IMG_5073-300x300.jpeg 300w, https:\/\/harasderwydd.com\/wp-content\/uploads\/2022\/11\/IMG_5073-150x150.jpeg 150w, https:\/\/harasderwydd.com\/wp-content\/uploads\/2022\/11\/IMG_5073-768x764.jpeg 768w, https:\/\/harasderwydd.com\/wp-content\/uploads\/2022\/11\/IMG_5073-1536x1529.jpeg 1536w, https:\/\/harasderwydd.com\/wp-content\/uploads\/2022\/11\/IMG_5073-2048x2038.jpeg 2048w, https:\/\/harasderwydd.com\/wp-content\/uploads\/2022\/11\/IMG_5073-270x270.jpeg 270w, https:\/\/harasderwydd.com\/wp-content\/uploads\/2022\/11\/IMG_5073-230x230.jpeg 230w\" sizes=\"auto, (max-width: 1024px) 100vw, 1024px\" \/><\/figure>\n<\/div>\n<\/div>\n","protected":false},"excerpt":{"rendered":"<p>Etes-vous le cavalier qui&nbsp;permet \u00e0 son cheval de r\u00e9v\u00e9ler tout son potentiel au travers de votre travail ensemble ? Percevez-vous les mouvements, les \u00e9motions, connaissez-vous les forces et les faiblesses de votre cheval ? Les variations subtiles que captent le<\/p>\n","protected":false},"author":1,"featured_media":0,"parent":0,"menu_order":0,"comment_status":"closed","ping_status":"closed","template":"","meta":{"footnotes":""},"class_list":["post-918","page","type-page","status-publish","hentry"],"_links":{"self":[{"href":"https:\/\/harasderwydd.com\/index.php\/wp-json\/wp\/v2\/pages\/918","targetHints":{"allow":["GET"]}}],"collection":[{"href":"https:\/\/harasderwydd.com\/index.php\/wp-json\/wp\/v2\/pages"}],"about":[{"href":"https:\/\/harasderwydd.com\/index.php\/wp-json\/wp\/v2\/types\/page"}],"author":[{"embeddable":true,"href":"https:\/\/harasderwydd.com\/index.php\/wp-json\/wp\/v2\/users\/1"}],"replies":[{"embeddable":true,"href":"https:\/\/harasderwydd.com\/index.php\/wp-json\/wp\/v2\/comments?post=918"}],"version-history":[{"count":3,"href":"https:\/\/harasderwydd.com\/index.php\/wp-json\/wp\/v2\/pages\/918\/revisions"}],"predecessor-version":[{"id":926,"href":"https:\/\/harasderwydd.com\/index.php\/wp-json\/wp\/v2\/pages\/918\/revisions\/926"}],"wp:attachment":[{"href":"https:\/\/harasderwydd.com\/index.php\/wp-json\/wp\/v2\/media?parent=918"}],"curies":[{"name":"wp","href":"https:\/\/api.w.org\/{rel}","templated":true}]}}