{"id":92,"date":"2022-02-22T16:30:49","date_gmt":"2022-02-22T15:30:49","guid":{"rendered":"http:\/\/harasderwydd.com\/?page_id=92"},"modified":"2022-07-28T09:20:48","modified_gmt":"2022-07-28T07:20:48","slug":"eco-haras-2","status":"publish","type":"page","link":"https:\/\/harasderwydd.com\/index.php\/eco-haras-2\/","title":{"rendered":"Eco-Haras"},"content":{"rendered":"\n<div class=\"wp-block-columns is-layout-flex wp-container-core-columns-is-layout-9d6595d7 wp-block-columns-is-layout-flex\">\n<div class=\"wp-block-column is-vertically-aligned-center is-layout-flow wp-block-column-is-layout-flow\">\n<ul class=\"wp-block-list\" id=\"block-b61a7b8c-68e2-40bb-90b1-437dd1a4d668\"><li>Les chevaux vivent dans des box ouverts sur 30m de paddock, ils peuvent donc se d\u00e9placer comme bon leur semble dans un espace confortable tout en ayant un box et un abri couvert. Ce qui est notamment id\u00e9al pour les poulains qui se musclent d\u00e8s leur plus jeune \u00e2ge et forgent leur \u00e9quilibre gr\u00e2ce \u00e0 notre terrain en d\u00e9nivel\u00e9. Autre point positif&nbsp;: fini les sorties paddock, ils y sont en permanence&nbsp;!<\/li><\/ul>\n<\/div>\n\n\n\n<div class=\"wp-block-column is-layout-flow wp-block-column-is-layout-flow\">\n<figure class=\"wp-block-video\"><video height=\"368\" style=\"aspect-ratio: 640 \/ 368;\" width=\"640\" autoplay controls src=\"http:\/\/harasderwydd.com\/wp-content\/uploads\/2022\/07\/F238B51E-D925-4A30-B233-E5FB25239B79.mov\"><\/video><\/figure>\n<\/div>\n<\/div>\n\n\n\n<div class=\"wp-block-columns is-layout-flex wp-container-core-columns-is-layout-9d6595d7 wp-block-columns-is-layout-flex\">\n<div class=\"wp-block-column is-layout-flow wp-block-column-is-layout-flow\"><div class=\"wp-block-image\">\n<figure class=\"aligncenter size-large is-resized\"><img loading=\"lazy\" decoding=\"async\" src=\"http:\/\/harasderwydd.com\/wp-content\/uploads\/2022\/07\/20220722152218_IMG_4019-1024x683.jpg\" alt=\"\" class=\"wp-image-760\" width=\"542\" height=\"361\" srcset=\"https:\/\/harasderwydd.com\/wp-content\/uploads\/2022\/07\/20220722152218_IMG_4019-1024x683.jpg 1024w, https:\/\/harasderwydd.com\/wp-content\/uploads\/2022\/07\/20220722152218_IMG_4019-300x200.jpg 300w, https:\/\/harasderwydd.com\/wp-content\/uploads\/2022\/07\/20220722152218_IMG_4019-768x512.jpg 768w, https:\/\/harasderwydd.com\/wp-content\/uploads\/2022\/07\/20220722152218_IMG_4019-1536x1024.jpg 1536w, https:\/\/harasderwydd.com\/wp-content\/uploads\/2022\/07\/20220722152218_IMG_4019-2048x1365.jpg 2048w\" sizes=\"auto, (max-width: 542px) 100vw, 542px\" \/><\/figure>\n<\/div><\/div>\n\n\n\n<div class=\"wp-block-column is-vertically-aligned-center is-layout-flow wp-block-column-is-layout-flow\">\n<ul class=\"wp-block-list\"><li>Les chevaux vivent en petits groupes (entre 2 et 4), ce qui r\u00e9pond \u00e0 l&rsquo;un de leurs besoins fondamentaux : les contacts sociaux. Cela va \u00e9videmment dans le sens du bien-\u00eatre animal et a un impact particuli\u00e8rement positif sur le mental de chaque cheval&nbsp;! Ils jouent ensemble, se font des gratte-grattes, se rassurent mutuellement\u2026 Une vie de cheval entre les moments pass\u00e9s avec son cavalier ! Les groupes sont compos\u00e9s de mani\u00e8re \u00e0 ce que tous les chevaux ont leur place et peuvent rentrer, sortir, dormir et manger confortablement. C\u2019est une organisation m\u00e9ticuleuse mais qui permet l\u2019\u00e9panouissement complet et le bien-\u00eatre du cheval.<\/li><\/ul>\n<\/div>\n<\/div>\n\n\n\n<div class=\"wp-block-columns is-layout-flex wp-container-core-columns-is-layout-9d6595d7 wp-block-columns-is-layout-flex\">\n<div class=\"wp-block-column is-vertically-aligned-center is-layout-flow wp-block-column-is-layout-flow\">\n<ul class=\"wp-block-list\"><li>Les chevaux ont du foin en permanence et \u00e0 volont\u00e9 gr\u00e2ce aux libres services, cela leur permet de manger comme bon leur semble et \u00e0 leur faim. C\u2019est tout particuli\u00e8rement b\u00e9n\u00e9fique pour les chevaux atteints d\u2019ulc\u00e8re et qui on besoin de beaucoup de foin par rapport au grain. Ainsi l&rsquo;estomac de nos de chevaux n&rsquo;est jamais vide ce qui \u00e9vite\/limite les ulc\u00e8res et maux d&rsquo;estomac.<\/li><\/ul>\n<\/div>\n\n\n\n<div class=\"wp-block-column is-layout-flow wp-block-column-is-layout-flow\"><div class=\"wp-block-image\">\n<figure class=\"aligncenter size-large is-resized\"><img loading=\"lazy\" decoding=\"async\" src=\"http:\/\/harasderwydd.com\/wp-content\/uploads\/2022\/07\/IMG_3621-1024x768.jpeg\" alt=\"\" class=\"wp-image-758\" width=\"404\" height=\"303\" srcset=\"https:\/\/harasderwydd.com\/wp-content\/uploads\/2022\/07\/IMG_3621-1024x768.jpeg 1024w, https:\/\/harasderwydd.com\/wp-content\/uploads\/2022\/07\/IMG_3621-300x225.jpeg 300w, https:\/\/harasderwydd.com\/wp-content\/uploads\/2022\/07\/IMG_3621-768x576.jpeg 768w, https:\/\/harasderwydd.com\/wp-content\/uploads\/2022\/07\/IMG_3621-1536x1152.jpeg 1536w, https:\/\/harasderwydd.com\/wp-content\/uploads\/2022\/07\/IMG_3621-2048x1536.jpeg 2048w\" sizes=\"auto, (max-width: 404px) 100vw, 404px\" \/><\/figure>\n<\/div><\/div>\n<\/div>\n\n\n\n<div class=\"wp-block-columns is-layout-flex wp-container-core-columns-is-layout-9d6595d7 wp-block-columns-is-layout-flex\">\n<div class=\"wp-block-column is-layout-flow wp-block-column-is-layout-flow\"><div class=\"wp-block-image\">\n<figure class=\"aligncenter size-large\"><img loading=\"lazy\" decoding=\"async\" width=\"1024\" height=\"599\" src=\"http:\/\/harasderwydd.com\/wp-content\/uploads\/2022\/07\/Grain-scaled-e1658911447892-1024x599.jpg\" alt=\"\" class=\"wp-image-783\" srcset=\"https:\/\/harasderwydd.com\/wp-content\/uploads\/2022\/07\/Grain-scaled-e1658911447892-1024x599.jpg 1024w, https:\/\/harasderwydd.com\/wp-content\/uploads\/2022\/07\/Grain-scaled-e1658911447892-300x176.jpg 300w, https:\/\/harasderwydd.com\/wp-content\/uploads\/2022\/07\/Grain-scaled-e1658911447892-768x449.jpg 768w, https:\/\/harasderwydd.com\/wp-content\/uploads\/2022\/07\/Grain-scaled-e1658911447892-1536x899.jpg 1536w, https:\/\/harasderwydd.com\/wp-content\/uploads\/2022\/07\/Grain-scaled-e1658911447892.jpg 2039w\" sizes=\"auto, (max-width: 1024px) 100vw, 1024px\" \/><\/figure>\n<\/div><\/div>\n\n\n\n<div class=\"wp-block-column is-vertically-aligned-center is-layout-flow wp-block-column-is-layout-flow\">\n<ul class=\"wp-block-list\"><li>Ici, nous donnons une dose d\u2019alimentation et des compl\u00e9ments si n\u00e9cessaire adapt\u00e9 \u00e0 chaque cheval. Notre grain est un m\u00e9lange que nous avons compos\u00e9 nous-m\u00eame, avec principalement de la luzerne et un peu de c\u00e9r\u00e9ales (orge et avoine), c\u2019est un m\u00e9lange soigneusement \u00e9tudi\u00e9 afin d\u2019\u00eatre le plus adapt\u00e9 aux besoins des chevaux. Chaque cheval peut ensuite recevoir des compl\u00e9ments adapt\u00e9s \u00e0 son \u00e2ge, son type de travail, ses pathologies\u2026 Nous travaillons en partenariat avec une naturopathe sp\u00e9cialis\u00e9e \u00e9quin.<\/li><\/ul>\n<\/div>\n<\/div>\n\n\n\n<div class=\"wp-block-columns is-layout-flex wp-container-core-columns-is-layout-9d6595d7 wp-block-columns-is-layout-flex\">\n<div class=\"wp-block-column is-vertically-aligned-center is-layout-flow wp-block-column-is-layout-flow\">\n<ul class=\"wp-block-list\"><li>Nous utilisons l\u2019eau de la mare pour arroser la carri\u00e8re, ce qui \u00e9vite la consommation d\u2019eau courante qui est tout de m\u00eame une ressource rare sur Terre, tout en \u00e9tant plus \u00e9conomique. Le prochain chantier : la r\u00e9cup\u00e9ration d&rsquo;eau pour l&rsquo;abreuvement et la douche.<\/li><\/ul>\n<\/div>\n\n\n\n<div class=\"wp-block-column is-layout-flow wp-block-column-is-layout-flow\">\n<figure class=\"wp-block-image size-large\"><img loading=\"lazy\" decoding=\"async\" width=\"1024\" height=\"683\" src=\"http:\/\/harasderwydd.com\/wp-content\/uploads\/2022\/07\/Marre--1024x683.jpg\" alt=\"\" class=\"wp-image-784\" srcset=\"https:\/\/harasderwydd.com\/wp-content\/uploads\/2022\/07\/Marre--1024x683.jpg 1024w, https:\/\/harasderwydd.com\/wp-content\/uploads\/2022\/07\/Marre--300x200.jpg 300w, https:\/\/harasderwydd.com\/wp-content\/uploads\/2022\/07\/Marre--768x512.jpg 768w, https:\/\/harasderwydd.com\/wp-content\/uploads\/2022\/07\/Marre--1536x1024.jpg 1536w, https:\/\/harasderwydd.com\/wp-content\/uploads\/2022\/07\/Marre--2048x1365.jpg 2048w\" sizes=\"auto, (max-width: 1024px) 100vw, 1024px\" \/><\/figure>\n<\/div>\n<\/div>\n\n\n\n<div class=\"wp-block-columns is-layout-flex wp-container-core-columns-is-layout-9d6595d7 wp-block-columns-is-layout-flex\">\n<div class=\"wp-block-column is-layout-flow wp-block-column-is-layout-flow\">\n<figure class=\"wp-block-image size-large\"><img loading=\"lazy\" decoding=\"async\" width=\"2560\" height=\"1708\" src=\"http:\/\/harasderwydd.com\/wp-content\/uploads\/2022\/07\/20220722152625_IMG_4030-edited-scaled.jpg\" alt=\"\" class=\"wp-image-775\" srcset=\"https:\/\/harasderwydd.com\/wp-content\/uploads\/2022\/07\/20220722152625_IMG_4030-edited-scaled.jpg 2560w, https:\/\/harasderwydd.com\/wp-content\/uploads\/2022\/07\/20220722152625_IMG_4030-edited-300x200.jpg 300w, https:\/\/harasderwydd.com\/wp-content\/uploads\/2022\/07\/20220722152625_IMG_4030-edited-1024x683.jpg 1024w, https:\/\/harasderwydd.com\/wp-content\/uploads\/2022\/07\/20220722152625_IMG_4030-edited-768x512.jpg 768w, https:\/\/harasderwydd.com\/wp-content\/uploads\/2022\/07\/20220722152625_IMG_4030-edited-1536x1025.jpg 1536w, https:\/\/harasderwydd.com\/wp-content\/uploads\/2022\/07\/20220722152625_IMG_4030-edited-2048x1366.jpg 2048w\" sizes=\"auto, (max-width: 2560px) 100vw, 2560px\" \/><\/figure>\n<\/div>\n\n\n\n<div class=\"wp-block-column is-vertically-aligned-center is-layout-flow wp-block-column-is-layout-flow\">\n<ul class=\"wp-block-list\"><li>Dans les espaces de l&rsquo;\u00e9curie non-exploitables, nous cultivons nos propres l\u00e9gumes pour qu\u2019il y ait le moins de chemin entre le potager et  l&rsquo;assiette. Des l\u00e9gumes, sans pesticide, on ne peut plus frais ^^ !<\/li><\/ul>\n<\/div>\n<\/div>\n\n\n\n<div class=\"wp-block-columns is-layout-flex wp-container-core-columns-is-layout-9d6595d7 wp-block-columns-is-layout-flex\">\n<div class=\"wp-block-column is-vertically-aligned-center is-layout-flow wp-block-column-is-layout-flow\">\n<ul class=\"wp-block-list\"><li>Nos chevaux sont majoritairement pieds nus afin de rester le plus proche de la locomotion naturelle du cheval. Tous nos poulains commencent donc leur apprentissage pieds nus, et nous veillons au moyen de parages r\u00e9guliers \u00e0 la bonne \u00e9volution de leurs aplombs. Le ferrage n&rsquo;est donc pas syst\u00e9matique, il est seulement utilis\u00e9 en cas de n\u00e9cessit\u00e9 pour le confort du cheval.<\/li><\/ul>\n<\/div>\n\n\n\n<div class=\"wp-block-column is-layout-flow wp-block-column-is-layout-flow\">\n<figure class=\"wp-block-image size-large\"><img loading=\"lazy\" decoding=\"async\" width=\"1024\" height=\"587\" src=\"http:\/\/harasderwydd.com\/wp-content\/uploads\/2022\/04\/IMG_2722-1024x587.jpeg\" alt=\"\" class=\"wp-image-723\" srcset=\"https:\/\/harasderwydd.com\/wp-content\/uploads\/2022\/04\/IMG_2722-1024x587.jpeg 1024w, https:\/\/harasderwydd.com\/wp-content\/uploads\/2022\/04\/IMG_2722-300x172.jpeg 300w, https:\/\/harasderwydd.com\/wp-content\/uploads\/2022\/04\/IMG_2722-768x440.jpeg 768w, https:\/\/harasderwydd.com\/wp-content\/uploads\/2022\/04\/IMG_2722.jpeg 1445w\" sizes=\"auto, (max-width: 1024px) 100vw, 1024px\" \/><\/figure>\n<\/div>\n<\/div>\n\n\n\n<h3 class=\"has-text-align-left wp-block-heading\">Afin d\u2019assurer l\u2019\u00e9panouissement du cheval et de son cavalier, nous veillons \u00e0 faire des choix toujours plus proches de la nature \u00e9quine et humaine. ^^<\/h3>\n","protected":false},"excerpt":{"rendered":"<p>Les chevaux vivent dans des box ouverts sur 30m de paddock, ils peuvent donc se d\u00e9placer comme bon leur semble dans un espace confortable tout en ayant un box et un abri couvert. Ce qui est notamment id\u00e9al pour les<\/p>\n","protected":false},"author":1,"featured_media":0,"parent":0,"menu_order":0,"comment_status":"closed","ping_status":"closed","template":"","meta":{"footnotes":""},"class_list":["post-92","page","type-page","status-publish","hentry"],"_links":{"self":[{"href":"https:\/\/harasderwydd.com\/index.php\/wp-json\/wp\/v2\/pages\/92","targetHints":{"allow":["GET"]}}],"collection":[{"href":"https:\/\/harasderwydd.com\/index.php\/wp-json\/wp\/v2\/pages"}],"about":[{"href":"https:\/\/harasderwydd.com\/index.php\/wp-json\/wp\/v2\/types\/page"}],"author":[{"embeddable":true,"href":"https:\/\/harasderwydd.com\/index.php\/wp-json\/wp\/v2\/users\/1"}],"replies":[{"embeddable":true,"href":"https:\/\/harasderwydd.com\/index.php\/wp-json\/wp\/v2\/comments?post=92"}],"version-history":[{"count":14,"href":"https:\/\/harasderwydd.com\/index.php\/wp-json\/wp\/v2\/pages\/92\/revisions"}],"predecessor-version":[{"id":809,"href":"https:\/\/harasderwydd.com\/index.php\/wp-json\/wp\/v2\/pages\/92\/revisions\/809"}],"wp:attachment":[{"href":"https:\/\/harasderwydd.com\/index.php\/wp-json\/wp\/v2\/media?parent=92"}],"curies":[{"name":"wp","href":"https:\/\/api.w.org\/{rel}","templated":true}]}}