{"id":929,"date":"2022-12-09T07:33:52","date_gmt":"2022-12-09T06:33:52","guid":{"rendered":"https:\/\/harasderwydd.com\/?page_id=929"},"modified":"2023-01-04T17:15:34","modified_gmt":"2023-01-04T16:15:34","slug":"articles-2","status":"publish","type":"page","link":"https:\/\/harasderwydd.com\/index.php\/articles-2\/","title":{"rendered":"Articles"},"content":{"rendered":"\n<p><strong>Nous sommes sp\u00e9cialis\u00e9s sur le mental du cheval, du cavalier et du couple<\/strong>, <strong>voici quelques articles qui peuvent vous int\u00e9resser !<\/strong><\/p>\n\n\n\n<p><a href=\"https:\/\/harasderwydd.com\/index.php\/ressources\/\" data-type=\"URL\" data-id=\"https:\/\/harasderwydd.com\/index.php\/ressources\/\">L&rsquo;ajustement Cr\u00e9ateur<\/a><\/p>\n\n\n\n<p><a href=\"https:\/\/harasderwydd.com\/index.php\/lempathie-a-la-source-de-votre-potentiel-empathie\/\">L&#8217;empathie, \u00e0 la source de votre potentiel<\/a><\/p>\n\n\n\n<p><a href=\"https:\/\/harasderwydd.com\/index.php\/le-cheval-un-guide-vers-soi\/\">Le cheval, un guide vers soi<\/a><\/p>\n\n\n\n<p><a href=\"https:\/\/harasderwydd.com\/index.php\/le-flow\/\">Le Flow<\/a><\/p>\n\n\n\n<p><a href=\"https:\/\/harasderwydd.com\/index.php\/les-contacts-sociaux\/\">Les contacts sociaux<\/a><\/p>\n\n\n\n<p><a href=\"https:\/\/harasderwydd.com\/index.php\/lactivation\/\">L&rsquo;activation<\/a><\/p>\n\n\n\n<figure class=\"wp-block-image size-large\"><img loading=\"lazy\" decoding=\"async\" width=\"1024\" height=\"1019\" src=\"http:\/\/harasderwydd.com\/wp-content\/uploads\/2022\/11\/IMG_5073-1024x1019.jpeg\" alt=\"\" class=\"wp-image-923\" srcset=\"https:\/\/harasderwydd.com\/wp-content\/uploads\/2022\/11\/IMG_5073-1024x1019.jpeg 1024w, https:\/\/harasderwydd.com\/wp-content\/uploads\/2022\/11\/IMG_5073-300x300.jpeg 300w, https:\/\/harasderwydd.com\/wp-content\/uploads\/2022\/11\/IMG_5073-150x150.jpeg 150w, https:\/\/harasderwydd.com\/wp-content\/uploads\/2022\/11\/IMG_5073-768x764.jpeg 768w, https:\/\/harasderwydd.com\/wp-content\/uploads\/2022\/11\/IMG_5073-1536x1529.jpeg 1536w, https:\/\/harasderwydd.com\/wp-content\/uploads\/2022\/11\/IMG_5073-2048x2038.jpeg 2048w, https:\/\/harasderwydd.com\/wp-content\/uploads\/2022\/11\/IMG_5073-270x270.jpeg 270w, https:\/\/harasderwydd.com\/wp-content\/uploads\/2022\/11\/IMG_5073-230x230.jpeg 230w\" sizes=\"auto, (max-width: 1024px) 100vw, 1024px\" \/><\/figure>\n","protected":false},"excerpt":{"rendered":"<p>Nous sommes sp\u00e9cialis\u00e9s sur le mental du cheval, du cavalier et du couple, voici quelques articles qui peuvent vous int\u00e9resser ! L&rsquo;ajustement Cr\u00e9ateur L&#8217;empathie, \u00e0 la source de votre potentiel Le cheval, un guide vers soi Le Flow Les contacts<\/p>\n","protected":false},"author":1,"featured_media":0,"parent":0,"menu_order":0,"comment_status":"closed","ping_status":"closed","template":"","meta":{"footnotes":""},"class_list":["post-929","page","type-page","status-publish","hentry"],"_links":{"self":[{"href":"https:\/\/harasderwydd.com\/index.php\/wp-json\/wp\/v2\/pages\/929","targetHints":{"allow":["GET"]}}],"collection":[{"href":"https:\/\/harasderwydd.com\/index.php\/wp-json\/wp\/v2\/pages"}],"about":[{"href":"https:\/\/harasderwydd.com\/index.php\/wp-json\/wp\/v2\/types\/page"}],"author":[{"embeddable":true,"href":"https:\/\/harasderwydd.com\/index.php\/wp-json\/wp\/v2\/users\/1"}],"replies":[{"embeddable":true,"href":"https:\/\/harasderwydd.com\/index.php\/wp-json\/wp\/v2\/comments?post=929"}],"version-history":[{"count":7,"href":"https:\/\/harasderwydd.com\/index.php\/wp-json\/wp\/v2\/pages\/929\/revisions"}],"predecessor-version":[{"id":965,"href":"https:\/\/harasderwydd.com\/index.php\/wp-json\/wp\/v2\/pages\/929\/revisions\/965"}],"wp:attachment":[{"href":"https:\/\/harasderwydd.com\/index.php\/wp-json\/wp\/v2\/media?parent=929"}],"curies":[{"name":"wp","href":"https:\/\/api.w.org\/{rel}","templated":true}]}}