{"id":952,"date":"2023-01-04T16:49:34","date_gmt":"2023-01-04T15:49:34","guid":{"rendered":"http:\/\/harasderwydd.com\/?page_id=952"},"modified":"2023-01-04T16:51:20","modified_gmt":"2023-01-04T15:51:20","slug":"les-contacts-sociaux","status":"publish","type":"page","link":"https:\/\/harasderwydd.com\/index.php\/les-contacts-sociaux\/","title":{"rendered":"Les contacts sociaux"},"content":{"rendered":"\n<div class=\"wp-block-columns is-layout-flex wp-container-core-columns-is-layout-9d6595d7 wp-block-columns-is-layout-flex\">\n<div class=\"wp-block-column is-layout-flow wp-block-column-is-layout-flow\">\n<p><strong>Les \u00e9tudes l&rsquo;ont prouv\u00e9 : de nombreux troubles du comportement naissent de privation de contacts sociaux !<\/strong><\/p>\n\n\n\n<p>Selon un article de La D\u00e9p\u00e8che V\u00e9t\u00e9rinaire dans lequel H\u00e9l\u00e8ne Roche, \u00e9thologue, est intervenue, \u00ab\u00a0Les chevaux qui vivent en groupe sont plus faciles \u00e0 manipuler, apprennent plus facilement que les autres, notamment lors du d\u00e9bourrage et montrent moins de signes tels que morsures et ruades de jeu que ceux qui vivent seuls en boxe.\u00a0\u00bb<\/p>\n\n\n\n<p>Si vous observez un comportement agressif chez votre&nbsp; cheval, cela peut \u00eatre un signe d&rsquo;une carence en contacts sociaux.<\/p>\n\n\n\n<p>Elle peut s&rsquo;exprimer par la peur de croiser d&rsquo;autres chevaux ou au contraire une gr\u00e9garit\u00e9 excessive.<\/p>\n\n\n\n<p>La vie sociale ne se limite pas aux interactions sociales, elle int\u00e8gre des comportements li\u00e9s \u00e0 l&rsquo;olfaction (crottins, urine) et la synchronisation des activit\u00e9s au sein d&rsquo;un m\u00eame groupe.<\/p>\n\n\n\n<p>Le bien-\u00eatre du cheval repose sur le respect de ses besoins sociaux ! et nous devons prendre en compte cette dimension dans :<\/p>\n\n\n\n<ul class=\"wp-block-list\">\n<li>La vie au quotidien du cheval dans son \u00e9curie<\/li>\n\n\n\n<li>La r\u00e9solution de probl\u00e8mes li\u00e9s au comportement du cheval ou dans l&rsquo;interaction pendant le travail<\/li>\n\n\n\n<li>La disponibilit\u00e9 physique et mentale du cheval et la relation avec son propri\u00e9taire\/cavalier\/groom<\/li>\n<\/ul>\n\n\n\n<p>Nous avons construit notre \u00e9curie afin que les chevaux puissent y \u00e9voluer en groupe :<\/p>\n\n\n\n<ul class=\"wp-block-list\">\n<li>Les barri\u00e8res entre les boxes sont d&rsquo;1m50 environ afin que les chevaux puissent se sentir, se faire des grattes grattes et interagir de mani\u00e8re g\u00e9n\u00e9rale<\/li>\n\n\n\n<li>Les Boxes peuvent \u00eatre individuels ou collectifs en fonction des affinit\u00e9s dans les groupes<\/li>\n\n\n\n<li>Les boxes sont ouverts sur des paddocks dans les lesquels ils peuvent jouer ensemble, se mouvoir librement<\/li>\n<\/ul>\n\n\n\n<p>Prendre en compte le comportement social de votre cheval est la garantie d&rsquo;avoir un animal bien dans sa t\u00eate qui pourra alors devenir un vrai PARTENAIRE<\/p>\n\n\n\n<p>Suivez nos articles en vous abonnant \u00e0 nos pages FB et Instagram<\/p>\n\n\n\n<p>Contactez-nous sur <a href=\"https:\/\/harasderwydd.com\/index.php\/contactez-nous\/\" target=\"_blank\" rel=\"noreferrer noopener\">https:\/\/harasderwydd.com\/index.php\/contactez-nous\/<\/a> si vous avez besoin d&rsquo;aide pour r\u00e9soudre un probl\u00e8me avec votre cheval<\/p>\n<\/div>\n\n\n\n<div class=\"wp-block-column is-layout-flow wp-block-column-is-layout-flow\">\n<figure class=\"wp-block-image size-large\"><img loading=\"lazy\" decoding=\"async\" width=\"1024\" height=\"645\" src=\"http:\/\/harasderwydd.com\/wp-content\/uploads\/2023\/01\/f91f03f0-1586-462c-bc01-0626a369a96e-1024x645.jpeg\" alt=\"\" class=\"wp-image-953\" srcset=\"https:\/\/harasderwydd.com\/wp-content\/uploads\/2023\/01\/f91f03f0-1586-462c-bc01-0626a369a96e-1024x645.jpeg 1024w, https:\/\/harasderwydd.com\/wp-content\/uploads\/2023\/01\/f91f03f0-1586-462c-bc01-0626a369a96e-300x189.jpeg 300w, https:\/\/harasderwydd.com\/wp-content\/uploads\/2023\/01\/f91f03f0-1586-462c-bc01-0626a369a96e-768x484.jpeg 768w, https:\/\/harasderwydd.com\/wp-content\/uploads\/2023\/01\/f91f03f0-1586-462c-bc01-0626a369a96e.jpeg 1363w\" sizes=\"auto, (max-width: 1024px) 100vw, 1024px\" \/><\/figure>\n<\/div>\n<\/div>\n","protected":false},"excerpt":{"rendered":"<p>Les \u00e9tudes l&rsquo;ont prouv\u00e9 : de nombreux troubles du comportement naissent de privation de contacts sociaux ! Selon un article de La D\u00e9p\u00e8che V\u00e9t\u00e9rinaire dans lequel H\u00e9l\u00e8ne Roche, \u00e9thologue, est intervenue, \u00ab\u00a0Les chevaux qui vivent en groupe sont plus faciles<\/p>\n","protected":false},"author":1,"featured_media":0,"parent":0,"menu_order":0,"comment_status":"closed","ping_status":"closed","template":"","meta":{"footnotes":""},"class_list":["post-952","page","type-page","status-publish","hentry"],"_links":{"self":[{"href":"https:\/\/harasderwydd.com\/index.php\/wp-json\/wp\/v2\/pages\/952","targetHints":{"allow":["GET"]}}],"collection":[{"href":"https:\/\/harasderwydd.com\/index.php\/wp-json\/wp\/v2\/pages"}],"about":[{"href":"https:\/\/harasderwydd.com\/index.php\/wp-json\/wp\/v2\/types\/page"}],"author":[{"embeddable":true,"href":"https:\/\/harasderwydd.com\/index.php\/wp-json\/wp\/v2\/users\/1"}],"replies":[{"embeddable":true,"href":"https:\/\/harasderwydd.com\/index.php\/wp-json\/wp\/v2\/comments?post=952"}],"version-history":[{"count":2,"href":"https:\/\/harasderwydd.com\/index.php\/wp-json\/wp\/v2\/pages\/952\/revisions"}],"predecessor-version":[{"id":958,"href":"https:\/\/harasderwydd.com\/index.php\/wp-json\/wp\/v2\/pages\/952\/revisions\/958"}],"wp:attachment":[{"href":"https:\/\/harasderwydd.com\/index.php\/wp-json\/wp\/v2\/media?parent=952"}],"curies":[{"name":"wp","href":"https:\/\/api.w.org\/{rel}","templated":true}]}}