{"id":959,"date":"2023-01-04T17:03:07","date_gmt":"2023-01-04T16:03:07","guid":{"rendered":"http:\/\/harasderwydd.com\/?page_id=959"},"modified":"2023-01-04T17:03:08","modified_gmt":"2023-01-04T16:03:08","slug":"lactivation","status":"publish","type":"page","link":"https:\/\/harasderwydd.com\/index.php\/lactivation\/","title":{"rendered":"L&rsquo;activation"},"content":{"rendered":"\n<div class=\"wp-block-columns is-layout-flex wp-container-core-columns-is-layout-9d6595d7 wp-block-columns-is-layout-flex\">\n<div class=\"wp-block-column is-layout-flow wp-block-column-is-layout-flow\">\n<p>Difficult\u00e9 \u00e0 se concentrer en concours? \u00e0 se mettre \u00ab\u00a0dedans\u00a0\u00bb? fatigue ou au contraire agitation? Performances moyennes ?<\/p>\n\n\n\n<p>C&rsquo;est le moment de pr\u00e9parer votre saison de concours 2023 !&nbsp;<\/p>\n\n\n\n<p>Quelles sont les aptitudes n\u00e9cessaires \u00e0 l&rsquo;augmentation de vos performances?<\/p>\n\n\n\n<p>1- L&rsquo;activation&nbsp;<\/p>\n\n\n\n<p>R\u00e9ussir \u00e0 se mettre dans le bon niveau d'\u00a0\u00bbActivation\u00a0\u00bb, c&rsquo;est se mettre dans le bon niveau d&rsquo;\u00e9nergie pour tendre vers le Flow.&nbsp;<\/p>\n\n\n\n<p>C&rsquo;est \u00e0 dire ?<\/p>\n\n\n\n<ul class=\"wp-block-list\">\n<li>Ma\u00eetriser son niveau d&rsquo;\u00e9nergie<\/li>\n\n\n\n<li>Augmenter sa concentration<\/li>\n\n\n\n<li>Accro\u00eetre sa motivation<\/li>\n\n\n\n<li>G\u00e9rer son stress<\/li>\n<\/ul>\n\n\n\n<p>Le bon niveau d&rsquo;\u00e9nergie est diff\u00e9rent \u00e0 chacune des \u00e9tapes de la comp\u00e9tition :<\/p>\n\n\n\n<ul class=\"wp-block-list\">\n<li>pr\u00e9paration du cheval<\/li>\n\n\n\n<li>Reconnaissance du parcours<\/li>\n\n\n\n<li>D\u00e9tente<\/li>\n\n\n\n<li>Entr\u00e9e en piste<\/li>\n\n\n\n<li>Le parcours\/la reprise en tant que&nbsp; telle !<\/li>\n<\/ul>\n\n\n\n<p>Il est bon de construire sa routine de performance pour g\u00e9rer son \u00ab\u00a0activation\u00a0\u00bb au bon moment<\/p>\n\n\n\n<p>Nous d\u00e9taillerons chaque semaine une aptitude mentale \u00e0 d\u00e9velopper pour vous pr\u00e9parer \u00e0 performer en 2023!&nbsp;<\/p>\n\n\n\n<p>Vous souhaitez \u00e9valuer vos aptitudes actuelles et vos axes de progr\u00e8s?<\/p>\n\n\n\n<p>Nous vous proposons un diagnostic et un programme de coaching pour vous aider !<\/p>\n\n\n\n<p>Contactez-nous sur <a href=\"https:\/\/harasderwydd.com\/index.php\/contactez-nous\/\">https:\/\/harasderwydd.com\/index.php\/contactez-nous\/<\/a><\/p>\n\n\n\n<p>Suivez-nous sur nos pages FB et Instagram<\/p>\n\n\n\n<p><\/p>\n<\/div>\n\n\n\n<div class=\"wp-block-column is-layout-flow wp-block-column-is-layout-flow\">\n<figure class=\"wp-block-image size-large\"><img loading=\"lazy\" decoding=\"async\" width=\"1024\" height=\"682\" src=\"http:\/\/harasderwydd.com\/wp-content\/uploads\/2023\/01\/IMG_1518-1024x682.jpg\" alt=\"\" class=\"wp-image-960\" srcset=\"https:\/\/harasderwydd.com\/wp-content\/uploads\/2023\/01\/IMG_1518-1024x682.jpg 1024w, https:\/\/harasderwydd.com\/wp-content\/uploads\/2023\/01\/IMG_1518-300x200.jpg 300w, https:\/\/harasderwydd.com\/wp-content\/uploads\/2023\/01\/IMG_1518-768x512.jpg 768w, https:\/\/harasderwydd.com\/wp-content\/uploads\/2023\/01\/IMG_1518-1536x1024.jpg 1536w, https:\/\/harasderwydd.com\/wp-content\/uploads\/2023\/01\/IMG_1518.jpg 2000w\" sizes=\"auto, (max-width: 1024px) 100vw, 1024px\" \/><figcaption class=\"wp-element-caption\">305 : GOLDENLY DE MELANDRIE : EECKHOUT INGRID<\/figcaption><\/figure>\n<\/div>\n<\/div>\n","protected":false},"excerpt":{"rendered":"<p>Difficult\u00e9 \u00e0 se concentrer en concours? \u00e0 se mettre \u00ab\u00a0dedans\u00a0\u00bb? fatigue ou au contraire agitation? Performances moyennes ? C&rsquo;est le moment de pr\u00e9parer votre saison de concours 2023 !&nbsp; Quelles sont les aptitudes n\u00e9cessaires \u00e0 l&rsquo;augmentation de vos performances? 1-<\/p>\n","protected":false},"author":1,"featured_media":0,"parent":0,"menu_order":0,"comment_status":"closed","ping_status":"closed","template":"","meta":{"footnotes":""},"class_list":["post-959","page","type-page","status-publish","hentry"],"_links":{"self":[{"href":"https:\/\/harasderwydd.com\/index.php\/wp-json\/wp\/v2\/pages\/959","targetHints":{"allow":["GET"]}}],"collection":[{"href":"https:\/\/harasderwydd.com\/index.php\/wp-json\/wp\/v2\/pages"}],"about":[{"href":"https:\/\/harasderwydd.com\/index.php\/wp-json\/wp\/v2\/types\/page"}],"author":[{"embeddable":true,"href":"https:\/\/harasderwydd.com\/index.php\/wp-json\/wp\/v2\/users\/1"}],"replies":[{"embeddable":true,"href":"https:\/\/harasderwydd.com\/index.php\/wp-json\/wp\/v2\/comments?post=959"}],"version-history":[{"count":1,"href":"https:\/\/harasderwydd.com\/index.php\/wp-json\/wp\/v2\/pages\/959\/revisions"}],"predecessor-version":[{"id":963,"href":"https:\/\/harasderwydd.com\/index.php\/wp-json\/wp\/v2\/pages\/959\/revisions\/963"}],"wp:attachment":[{"href":"https:\/\/harasderwydd.com\/index.php\/wp-json\/wp\/v2\/media?parent=959"}],"curies":[{"name":"wp","href":"https:\/\/api.w.org\/{rel}","templated":true}]}}